{"id":853,"date":"2022-04-26T10:31:11","date_gmt":"2022-04-26T10:31:11","guid":{"rendered":"https:\/\/www.cisterne.co.rs\/?post_type=product&#038;p=853"},"modified":"2026-03-06T03:21:50","modified_gmt":"2026-03-06T03:21:50","slug":"kanister-zeleni-sa-dozatorom-za-tecni-sapun-i-slavinom-10l","status":"publish","type":"product","link":"https:\/\/www.cisterne.co.rs\/index.php\/product\/kanister-zeleni-sa-dozatorom-za-tecni-sapun-i-slavinom-10l\/","title":{"rendered":"<strong>14. Kanister sa dozatorom za te\u010dni sapun i slavinom <\/strong>&#8211; zeleni, kapacitet 10l"},"content":{"rendered":"<p>Kanister kapaciteta 10 lit sa dozatorom za te\u010dni sapun i slavinom. Modernog dizajna, u zelenoj boji.<br \/>\nPrakti\u010dno odr\u017eavanje higijene ruku u svim uslovima.<br \/>\nJednostavna i prakti\u010dna upotreba:<br \/>\nDozator za sapun kapaciteta 60ml obezbe\u0111uje dovoljnu koli\u010dinu te\u010dnog sapuna za vi\u0161e kori\u0161\u0107enja i pranja ruku, a kapacitet kanistera je 10 litara. PVC slavina promera 1\/2\u2033 omogu\u0107ava jednostavno pranje bez nepotrebnog prolivanja vode iz kanistera.<br \/>\nMalih dimenzija i prakti\u010dnog dizajna zauzima veoma malo mesta u bilo kom vozilu, gepeku, radionici.<br \/>\nIdealan za:<br \/>\n\u2013 sve one koji provode mnogo vremena u vozilu (kamionu, autobusu, kombiju)<br \/>\n\u2013 boravak u prirodi, kampovanje, pecanje<br \/>\n\u2013 prilikom obavljanja radova u uslovima gde nema vode ( poljoprivredni radovi, vo\u0107njaci, njive)<br \/>\n\u2013 na gradili\u0161tima, bilo kakvim otvorenim i zatvorenim prostorima<br \/>\n\u2013 jednostavan za upotrebu i za malu decu tokom boravka u prirodi, druzenja i proslava na otvorenom<\/p>\n","protected":false},"excerpt":{"rendered":"<p>NOVO U PONUDI! Jedinstveno na tr\u017ei\u0161tu \u2013<br \/>\nKanister kapaciteta 10 lit sa dozatorom za te\u010dni sapun i slavinom. Modernog dizajna, u zelenoj boji.<br \/>\nPrakti\u010dno odr\u017eavanje higijene ruku u svim uslovima.<br \/>\nJednostavna i prakti\u010dna upotreba.<\/p>\n","protected":false},"featured_media":2647,"comment_status":"open","ping_status":"closed","template":"","meta":{"spay_email":""},"product_brand":[],"product_cat":[221],"product_tag":[159,155,156,157],"class_list":{"0":"post-853","1":"product","2":"type-product","3":"status-publish","4":"has-post-thumbnail","6":"product_cat-kanisteri","7":"product_tag-dozator","8":"product_tag-kanister","9":"product_tag-kanister-sa-pumpicom","10":"product_tag-kanister-sa-slavinom","12":"first","13":"instock","14":"taxable","15":"shipping-taxable","16":"purchasable","17":"product-type-simple"},"yoast_head":"<!-- This site is optimized with the Yoast SEO plugin v27.4 - https:\/\/yoast.com\/product\/yoast-seo-wordpress\/ -->\n<title>14. Kanister sa dozatorom za te\u010dni sapun i slavinom - zeleni, kapacitet 10l - Beokul doo<\/title>\n<meta name=\"description\" content=\"Kanister kapaciteta 10 lit sa dozatorom za te\u010dni sapun i slavinom. Prakti\u010dno odr\u017eavanje higijene ruku u svim uslovima.\" \/>\n<meta name=\"robots\" content=\"index, follow, max-snippet:-1, max-image-preview:large, max-video-preview:-1\" \/>\n<link rel=\"canonical\" href=\"https:\/\/www.cisterne.co.rs\/index.php\/product\/kanister-zeleni-sa-dozatorom-za-tecni-sapun-i-slavinom-10l\/\" \/>\n<meta property=\"og:locale\" content=\"sr_RS\" \/>\n<meta property=\"og:type\" content=\"article\" \/>\n<meta property=\"og:title\" content=\"14. Kanister sa dozatorom za te\u010dni sapun i slavinom - zeleni, kapacitet 10l - Beokul doo\" \/>\n<meta property=\"og:description\" content=\"Kanister kapaciteta 10 lit sa dozatorom za te\u010dni sapun i slavinom. Prakti\u010dno odr\u017eavanje higijene ruku u svim uslovima.\" \/>\n<meta property=\"og:url\" content=\"https:\/\/www.cisterne.co.rs\/index.php\/product\/kanister-zeleni-sa-dozatorom-za-tecni-sapun-i-slavinom-10l\/\" \/>\n<meta property=\"og:site_name\" content=\"Beokul doo\" \/>\n<meta property=\"article:publisher\" content=\"https:\/\/www.facebook.com\/doobeokul\" \/>\n<meta property=\"article:modified_time\" content=\"2026-03-06T03:21:50+00:00\" \/>\n<meta property=\"og:image\" content=\"https:\/\/www.cisterne.co.rs\/wp-content\/uploads\/2022\/04\/Kanisteri-5-i-10l-1-scaled.jpg\" \/>\n\t<meta property=\"og:image:width\" content=\"1922\" \/>\n\t<meta property=\"og:image:height\" content=\"2560\" \/>\n\t<meta property=\"og:image:type\" content=\"image\/jpeg\" \/>\n<meta name=\"twitter:card\" content=\"summary_large_image\" \/>\n<meta name=\"twitter:label1\" content=\"Procenjeno vreme \u010ditanja\" \/>\n\t<meta name=\"twitter:data1\" content=\"1 minut\" \/>\n<script type=\"application\/ld+json\" class=\"yoast-schema-graph\">{\"@context\":\"https:\\\/\\\/schema.org\",\"@graph\":[{\"@type\":\"WebPage\",\"@id\":\"https:\\\/\\\/www.cisterne.co.rs\\\/index.php\\\/product\\\/kanister-zeleni-sa-dozatorom-za-tecni-sapun-i-slavinom-10l\\\/\",\"url\":\"https:\\\/\\\/www.cisterne.co.rs\\\/index.php\\\/product\\\/kanister-zeleni-sa-dozatorom-za-tecni-sapun-i-slavinom-10l\\\/\",\"name\":\"14. Kanister sa dozatorom za te\u010dni sapun i slavinom - zeleni, kapacitet 10l - Beokul doo\",\"isPartOf\":{\"@id\":\"https:\\\/\\\/www.cisterne.co.rs\\\/#website\"},\"primaryImageOfPage\":{\"@id\":\"https:\\\/\\\/www.cisterne.co.rs\\\/index.php\\\/product\\\/kanister-zeleni-sa-dozatorom-za-tecni-sapun-i-slavinom-10l\\\/#primaryimage\"},\"image\":{\"@id\":\"https:\\\/\\\/www.cisterne.co.rs\\\/index.php\\\/product\\\/kanister-zeleni-sa-dozatorom-za-tecni-sapun-i-slavinom-10l\\\/#primaryimage\"},\"thumbnailUrl\":\"https:\\\/\\\/www.cisterne.co.rs\\\/wp-content\\\/uploads\\\/2022\\\/04\\\/Kanisteri-5-i-10l-1-scaled.jpg\",\"datePublished\":\"2022-04-26T10:31:11+00:00\",\"dateModified\":\"2026-03-06T03:21:50+00:00\",\"description\":\"Kanister kapaciteta 10 lit sa dozatorom za te\u010dni sapun i slavinom. Prakti\u010dno odr\u017eavanje higijene ruku u svim uslovima.\",\"breadcrumb\":{\"@id\":\"https:\\\/\\\/www.cisterne.co.rs\\\/index.php\\\/product\\\/kanister-zeleni-sa-dozatorom-za-tecni-sapun-i-slavinom-10l\\\/#breadcrumb\"},\"inLanguage\":\"sr-RS\",\"potentialAction\":[{\"@type\":\"ReadAction\",\"target\":[\"https:\\\/\\\/www.cisterne.co.rs\\\/index.php\\\/product\\\/kanister-zeleni-sa-dozatorom-za-tecni-sapun-i-slavinom-10l\\\/\"]}]},{\"@type\":\"ImageObject\",\"inLanguage\":\"sr-RS\",\"@id\":\"https:\\\/\\\/www.cisterne.co.rs\\\/index.php\\\/product\\\/kanister-zeleni-sa-dozatorom-za-tecni-sapun-i-slavinom-10l\\\/#primaryimage\",\"url\":\"https:\\\/\\\/www.cisterne.co.rs\\\/wp-content\\\/uploads\\\/2022\\\/04\\\/Kanisteri-5-i-10l-1-scaled.jpg\",\"contentUrl\":\"https:\\\/\\\/www.cisterne.co.rs\\\/wp-content\\\/uploads\\\/2022\\\/04\\\/Kanisteri-5-i-10l-1-scaled.jpg\",\"width\":1922,\"height\":2560,\"caption\":\"Kanister sa dozatorom i slavinom\"},{\"@type\":\"BreadcrumbList\",\"@id\":\"https:\\\/\\\/www.cisterne.co.rs\\\/index.php\\\/product\\\/kanister-zeleni-sa-dozatorom-za-tecni-sapun-i-slavinom-10l\\\/#breadcrumb\",\"itemListElement\":[{\"@type\":\"ListItem\",\"position\":1,\"name\":\"Po\u010detna\",\"item\":\"https:\\\/\\\/www.cisterne.co.rs\\\/\"},{\"@type\":\"ListItem\",\"position\":2,\"name\":\"E-prodavnica\",\"item\":\"https:\\\/\\\/www.cisterne.co.rs\\\/\"},{\"@type\":\"ListItem\",\"position\":3,\"name\":\"14. Kanister sa dozatorom za te\u010dni sapun i slavinom &#8211; zeleni, kapacitet 10l\"}]},{\"@type\":\"WebSite\",\"@id\":\"https:\\\/\\\/www.cisterne.co.rs\\\/#website\",\"url\":\"https:\\\/\\\/www.cisterne.co.rs\\\/\",\"name\":\"Beokul doo\",\"description\":\"Uvoz i prodaja novih i polovnih IBC kontejnera\",\"publisher\":{\"@id\":\"https:\\\/\\\/www.cisterne.co.rs\\\/#organization\"},\"potentialAction\":[{\"@type\":\"SearchAction\",\"target\":{\"@type\":\"EntryPoint\",\"urlTemplate\":\"https:\\\/\\\/www.cisterne.co.rs\\\/?s={search_term_string}\"},\"query-input\":{\"@type\":\"PropertyValueSpecification\",\"valueRequired\":true,\"valueName\":\"search_term_string\"}}],\"inLanguage\":\"sr-RS\"},{\"@type\":\"Organization\",\"@id\":\"https:\\\/\\\/www.cisterne.co.rs\\\/#organization\",\"name\":\"Beokul doo Kula\",\"url\":\"https:\\\/\\\/www.cisterne.co.rs\\\/\",\"logo\":{\"@type\":\"ImageObject\",\"inLanguage\":\"sr-RS\",\"@id\":\"https:\\\/\\\/www.cisterne.co.rs\\\/#\\\/schema\\\/logo\\\/image\\\/\",\"url\":\"https:\\\/\\\/www.cisterne.co.rs\\\/wp-content\\\/uploads\\\/2021\\\/09\\\/cropped-Logo-beokul-1.png\",\"contentUrl\":\"https:\\\/\\\/www.cisterne.co.rs\\\/wp-content\\\/uploads\\\/2021\\\/09\\\/cropped-Logo-beokul-1.png\",\"width\":535,\"height\":198,\"caption\":\"Beokul doo Kula\"},\"image\":{\"@id\":\"https:\\\/\\\/www.cisterne.co.rs\\\/#\\\/schema\\\/logo\\\/image\\\/\"},\"sameAs\":[\"https:\\\/\\\/www.facebook.com\\\/doobeokul\",\"https:\\\/\\\/www.linkedin.com\\\/company\\\/beokul-d-o-o\\\/\"]}]}<\/script>\n<!-- \/ Yoast SEO plugin. -->","yoast_head_json":{"title":"14. Kanister sa dozatorom za te\u010dni sapun i slavinom - zeleni, kapacitet 10l - Beokul doo","description":"Kanister kapaciteta 10 lit sa dozatorom za te\u010dni sapun i slavinom. Prakti\u010dno odr\u017eavanje higijene ruku u svim uslovima.","robots":{"index":"index","follow":"follow","max-snippet":"max-snippet:-1","max-image-preview":"max-image-preview:large","max-video-preview":"max-video-preview:-1"},"canonical":"https:\/\/www.cisterne.co.rs\/index.php\/product\/kanister-zeleni-sa-dozatorom-za-tecni-sapun-i-slavinom-10l\/","og_locale":"sr_RS","og_type":"article","og_title":"14. Kanister sa dozatorom za te\u010dni sapun i slavinom - zeleni, kapacitet 10l - Beokul doo","og_description":"Kanister kapaciteta 10 lit sa dozatorom za te\u010dni sapun i slavinom. Prakti\u010dno odr\u017eavanje higijene ruku u svim uslovima.","og_url":"https:\/\/www.cisterne.co.rs\/index.php\/product\/kanister-zeleni-sa-dozatorom-za-tecni-sapun-i-slavinom-10l\/","og_site_name":"Beokul doo","article_publisher":"https:\/\/www.facebook.com\/doobeokul","article_modified_time":"2026-03-06T03:21:50+00:00","og_image":[{"width":1922,"height":2560,"url":"https:\/\/www.cisterne.co.rs\/wp-content\/uploads\/2022\/04\/Kanisteri-5-i-10l-1-scaled.jpg","type":"image\/jpeg"}],"twitter_card":"summary_large_image","twitter_misc":{"Procenjeno vreme \u010ditanja":"1 minut"},"schema":{"@context":"https:\/\/schema.org","@graph":[{"@type":"WebPage","@id":"https:\/\/www.cisterne.co.rs\/index.php\/product\/kanister-zeleni-sa-dozatorom-za-tecni-sapun-i-slavinom-10l\/","url":"https:\/\/www.cisterne.co.rs\/index.php\/product\/kanister-zeleni-sa-dozatorom-za-tecni-sapun-i-slavinom-10l\/","name":"14. Kanister sa dozatorom za te\u010dni sapun i slavinom - zeleni, kapacitet 10l - Beokul doo","isPartOf":{"@id":"https:\/\/www.cisterne.co.rs\/#website"},"primaryImageOfPage":{"@id":"https:\/\/www.cisterne.co.rs\/index.php\/product\/kanister-zeleni-sa-dozatorom-za-tecni-sapun-i-slavinom-10l\/#primaryimage"},"image":{"@id":"https:\/\/www.cisterne.co.rs\/index.php\/product\/kanister-zeleni-sa-dozatorom-za-tecni-sapun-i-slavinom-10l\/#primaryimage"},"thumbnailUrl":"https:\/\/www.cisterne.co.rs\/wp-content\/uploads\/2022\/04\/Kanisteri-5-i-10l-1-scaled.jpg","datePublished":"2022-04-26T10:31:11+00:00","dateModified":"2026-03-06T03:21:50+00:00","description":"Kanister kapaciteta 10 lit sa dozatorom za te\u010dni sapun i slavinom. Prakti\u010dno odr\u017eavanje higijene ruku u svim uslovima.","breadcrumb":{"@id":"https:\/\/www.cisterne.co.rs\/index.php\/product\/kanister-zeleni-sa-dozatorom-za-tecni-sapun-i-slavinom-10l\/#breadcrumb"},"inLanguage":"sr-RS","potentialAction":[{"@type":"ReadAction","target":["https:\/\/www.cisterne.co.rs\/index.php\/product\/kanister-zeleni-sa-dozatorom-za-tecni-sapun-i-slavinom-10l\/"]}]},{"@type":"ImageObject","inLanguage":"sr-RS","@id":"https:\/\/www.cisterne.co.rs\/index.php\/product\/kanister-zeleni-sa-dozatorom-za-tecni-sapun-i-slavinom-10l\/#primaryimage","url":"https:\/\/www.cisterne.co.rs\/wp-content\/uploads\/2022\/04\/Kanisteri-5-i-10l-1-scaled.jpg","contentUrl":"https:\/\/www.cisterne.co.rs\/wp-content\/uploads\/2022\/04\/Kanisteri-5-i-10l-1-scaled.jpg","width":1922,"height":2560,"caption":"Kanister sa dozatorom i slavinom"},{"@type":"BreadcrumbList","@id":"https:\/\/www.cisterne.co.rs\/index.php\/product\/kanister-zeleni-sa-dozatorom-za-tecni-sapun-i-slavinom-10l\/#breadcrumb","itemListElement":[{"@type":"ListItem","position":1,"name":"Po\u010detna","item":"https:\/\/www.cisterne.co.rs\/"},{"@type":"ListItem","position":2,"name":"E-prodavnica","item":"https:\/\/www.cisterne.co.rs\/"},{"@type":"ListItem","position":3,"name":"14. Kanister sa dozatorom za te\u010dni sapun i slavinom &#8211; zeleni, kapacitet 10l"}]},{"@type":"WebSite","@id":"https:\/\/www.cisterne.co.rs\/#website","url":"https:\/\/www.cisterne.co.rs\/","name":"Beokul doo","description":"Uvoz i prodaja novih i polovnih IBC kontejnera","publisher":{"@id":"https:\/\/www.cisterne.co.rs\/#organization"},"potentialAction":[{"@type":"SearchAction","target":{"@type":"EntryPoint","urlTemplate":"https:\/\/www.cisterne.co.rs\/?s={search_term_string}"},"query-input":{"@type":"PropertyValueSpecification","valueRequired":true,"valueName":"search_term_string"}}],"inLanguage":"sr-RS"},{"@type":"Organization","@id":"https:\/\/www.cisterne.co.rs\/#organization","name":"Beokul doo Kula","url":"https:\/\/www.cisterne.co.rs\/","logo":{"@type":"ImageObject","inLanguage":"sr-RS","@id":"https:\/\/www.cisterne.co.rs\/#\/schema\/logo\/image\/","url":"https:\/\/www.cisterne.co.rs\/wp-content\/uploads\/2021\/09\/cropped-Logo-beokul-1.png","contentUrl":"https:\/\/www.cisterne.co.rs\/wp-content\/uploads\/2021\/09\/cropped-Logo-beokul-1.png","width":535,"height":198,"caption":"Beokul doo Kula"},"image":{"@id":"https:\/\/www.cisterne.co.rs\/#\/schema\/logo\/image\/"},"sameAs":["https:\/\/www.facebook.com\/doobeokul","https:\/\/www.linkedin.com\/company\/beokul-d-o-o\/"]}]}},"_links":{"self":[{"href":"https:\/\/www.cisterne.co.rs\/index.php\/wp-json\/wp\/v2\/product\/853","targetHints":{"allow":["GET"]}}],"collection":[{"href":"https:\/\/www.cisterne.co.rs\/index.php\/wp-json\/wp\/v2\/product"}],"about":[{"href":"https:\/\/www.cisterne.co.rs\/index.php\/wp-json\/wp\/v2\/types\/product"}],"replies":[{"embeddable":true,"href":"https:\/\/www.cisterne.co.rs\/index.php\/wp-json\/wp\/v2\/comments?post=853"}],"wp:featuredmedia":[{"embeddable":true,"href":"https:\/\/www.cisterne.co.rs\/index.php\/wp-json\/wp\/v2\/media\/2647"}],"wp:attachment":[{"href":"https:\/\/www.cisterne.co.rs\/index.php\/wp-json\/wp\/v2\/media?parent=853"}],"wp:term":[{"taxonomy":"product_brand","embeddable":true,"href":"https:\/\/www.cisterne.co.rs\/index.php\/wp-json\/wp\/v2\/product_brand?post=853"},{"taxonomy":"product_cat","embeddable":true,"href":"https:\/\/www.cisterne.co.rs\/index.php\/wp-json\/wp\/v2\/product_cat?post=853"},{"taxonomy":"product_tag","embeddable":true,"href":"https:\/\/www.cisterne.co.rs\/index.php\/wp-json\/wp\/v2\/product_tag?post=853"}],"curies":[{"name":"wp","href":"https:\/\/api.w.org\/{rel}","templated":true}]}}