{"id":670,"date":"2021-11-04T12:42:23","date_gmt":"2021-11-04T12:42:23","guid":{"rendered":"https:\/\/www.cisterne.co.rs\/?post_type=product&#038;p=670"},"modified":"2024-07-09T07:32:32","modified_gmt":"2024-07-09T07:32:32","slug":"pistolj-za-adblue-2","status":"publish","type":"product","link":"https:\/\/www.cisterne.co.rs\/index.php\/product\/pistolj-za-adblue-2\/","title":{"rendered":"<strong>52. Pi\u0161tolj za ADBLUE<\/strong>"},"content":{"rendered":"<p>Pi\u0161tolj za gorivo pogodan za te\u010dnosti kao \u0161to su ADBLUE i dizel ispu\u0161na te\u010dnost.<\/p>\n<p>Mlaznica od ner\u0111aju\u0107eg \u010delika, telo pi\u0161tolja od polipropilena.\u00a0 Priklju\u010dak 3\/4&#8243;.<\/p>\n<p>&nbsp;<\/p>\n","protected":false},"excerpt":{"rendered":"<p>Pi\u0161tolj za gorivo pogodan za te\u010dnosti kao \u0161to su ADBLUE i dizel ispu\u0161na te\u010dnost.<\/p>\n<p>Mlaznica od ner\u0111aju\u0107eg \u010delika, telo pi\u0161tolja od polipropilena.\u00a0 Priklju\u010dak 3\/4&#8243;.<\/p>\n<p>&nbsp;<\/p>\n","protected":false},"featured_media":671,"comment_status":"open","ping_status":"closed","template":"","meta":{"spay_email":""},"product_brand":[],"product_cat":[185],"product_tag":[163,202,203,201],"class_list":{"0":"post-670","1":"product","2":"type-product","3":"status-publish","4":"has-post-thumbnail","6":"product_cat-setovi-kompleti","7":"product_tag-pistolj-za-adblue","8":"product_tag-pistolj-za-gorivo","9":"product_tag-pistolj-za-istakanje","10":"product_tag-pistolj-za-tocenje","12":"first","13":"instock","14":"taxable","15":"shipping-taxable","16":"purchasable","17":"product-type-simple"},"yoast_head":"<!-- This site is optimized with the Yoast SEO plugin v27.6 - https:\/\/yoast.com\/product\/yoast-seo-wordpress\/ -->\n<title>52. Pi\u0161tolj za ADBLUE - Beokul doo<\/title>\n<meta name=\"description\" content=\"Pi\u0161tolj za gorivo pogodan za te\u010dnosti kao \u0161to su ADBLUE i dizel ispu\u0161na te\u010dnost.\u00a0Mlaznica od ner\u0111aju\u0107eg \u010delika,telo pi\u0161tolja od polipropilena.\" \/>\n<meta name=\"robots\" content=\"index, follow, max-snippet:-1, max-image-preview:large, max-video-preview:-1\" \/>\n<link rel=\"canonical\" href=\"https:\/\/www.cisterne.co.rs\/index.php\/product\/pistolj-za-adblue-2\/\" \/>\n<meta property=\"og:locale\" content=\"sr_RS\" \/>\n<meta property=\"og:type\" content=\"article\" \/>\n<meta property=\"og:title\" content=\"52. Pi\u0161tolj za ADBLUE - Beokul doo\" \/>\n<meta property=\"og:description\" content=\"Pi\u0161tolj za gorivo pogodan za te\u010dnosti kao \u0161to su ADBLUE i dizel ispu\u0161na te\u010dnost.\u00a0Mlaznica od ner\u0111aju\u0107eg \u010delika,telo pi\u0161tolja od polipropilena.\" \/>\n<meta property=\"og:url\" content=\"https:\/\/www.cisterne.co.rs\/index.php\/product\/pistolj-za-adblue-2\/\" \/>\n<meta property=\"og:site_name\" content=\"Beokul doo\" \/>\n<meta property=\"article:publisher\" content=\"https:\/\/www.facebook.com\/doobeokul\" \/>\n<meta property=\"article:modified_time\" content=\"2024-07-09T07:32:32+00:00\" \/>\n<meta property=\"og:image\" content=\"https:\/\/www.cisterne.co.rs\/wp-content\/uploads\/2021\/11\/pistolj-za-istakanje.png\" \/>\n\t<meta property=\"og:image:width\" content=\"2024\" \/>\n\t<meta property=\"og:image:height\" content=\"1800\" \/>\n\t<meta property=\"og:image:type\" content=\"image\/png\" \/>\n<meta name=\"twitter:card\" content=\"summary_large_image\" \/>\n<meta name=\"twitter:label1\" content=\"Procenjeno vreme \u010ditanja\" \/>\n\t<meta name=\"twitter:data1\" content=\"1 minut\" \/>\n<script type=\"application\/ld+json\" class=\"yoast-schema-graph\">{\"@context\":\"https:\\\/\\\/schema.org\",\"@graph\":[{\"@type\":\"WebPage\",\"@id\":\"https:\\\/\\\/www.cisterne.co.rs\\\/index.php\\\/product\\\/pistolj-za-adblue-2\\\/\",\"url\":\"https:\\\/\\\/www.cisterne.co.rs\\\/index.php\\\/product\\\/pistolj-za-adblue-2\\\/\",\"name\":\"52. Pi\u0161tolj za ADBLUE - Beokul doo\",\"isPartOf\":{\"@id\":\"https:\\\/\\\/www.cisterne.co.rs\\\/#website\"},\"primaryImageOfPage\":{\"@id\":\"https:\\\/\\\/www.cisterne.co.rs\\\/index.php\\\/product\\\/pistolj-za-adblue-2\\\/#primaryimage\"},\"image\":{\"@id\":\"https:\\\/\\\/www.cisterne.co.rs\\\/index.php\\\/product\\\/pistolj-za-adblue-2\\\/#primaryimage\"},\"thumbnailUrl\":\"https:\\\/\\\/www.cisterne.co.rs\\\/wp-content\\\/uploads\\\/2021\\\/11\\\/pistolj-za-istakanje.png\",\"datePublished\":\"2021-11-04T12:42:23+00:00\",\"dateModified\":\"2024-07-09T07:32:32+00:00\",\"description\":\"Pi\u0161tolj za gorivo pogodan za te\u010dnosti kao \u0161to su ADBLUE i dizel ispu\u0161na te\u010dnost.\u00a0Mlaznica od ner\u0111aju\u0107eg \u010delika,telo pi\u0161tolja od polipropilena.\",\"breadcrumb\":{\"@id\":\"https:\\\/\\\/www.cisterne.co.rs\\\/index.php\\\/product\\\/pistolj-za-adblue-2\\\/#breadcrumb\"},\"inLanguage\":\"sr-RS\",\"potentialAction\":[{\"@type\":\"ReadAction\",\"target\":[\"https:\\\/\\\/www.cisterne.co.rs\\\/index.php\\\/product\\\/pistolj-za-adblue-2\\\/\"]}]},{\"@type\":\"ImageObject\",\"inLanguage\":\"sr-RS\",\"@id\":\"https:\\\/\\\/www.cisterne.co.rs\\\/index.php\\\/product\\\/pistolj-za-adblue-2\\\/#primaryimage\",\"url\":\"https:\\\/\\\/www.cisterne.co.rs\\\/wp-content\\\/uploads\\\/2021\\\/11\\\/pistolj-za-istakanje.png\",\"contentUrl\":\"https:\\\/\\\/www.cisterne.co.rs\\\/wp-content\\\/uploads\\\/2021\\\/11\\\/pistolj-za-istakanje.png\",\"width\":2024,\"height\":1800,\"caption\":\"pistolj za istakanje - pistolj za adblue - pistolj za gorivo\"},{\"@type\":\"BreadcrumbList\",\"@id\":\"https:\\\/\\\/www.cisterne.co.rs\\\/index.php\\\/product\\\/pistolj-za-adblue-2\\\/#breadcrumb\",\"itemListElement\":[{\"@type\":\"ListItem\",\"position\":1,\"name\":\"Po\u010detna\",\"item\":\"https:\\\/\\\/www.cisterne.co.rs\\\/\"},{\"@type\":\"ListItem\",\"position\":2,\"name\":\"E-prodavnica\",\"item\":\"https:\\\/\\\/www.cisterne.co.rs\\\/\"},{\"@type\":\"ListItem\",\"position\":3,\"name\":\"52. Pi\u0161tolj za ADBLUE\"}]},{\"@type\":\"WebSite\",\"@id\":\"https:\\\/\\\/www.cisterne.co.rs\\\/#website\",\"url\":\"https:\\\/\\\/www.cisterne.co.rs\\\/\",\"name\":\"Beokul doo\",\"description\":\"Uvoz i prodaja novih i polovnih IBC kontejnera\",\"publisher\":{\"@id\":\"https:\\\/\\\/www.cisterne.co.rs\\\/#organization\"},\"potentialAction\":[{\"@type\":\"SearchAction\",\"target\":{\"@type\":\"EntryPoint\",\"urlTemplate\":\"https:\\\/\\\/www.cisterne.co.rs\\\/?s={search_term_string}\"},\"query-input\":{\"@type\":\"PropertyValueSpecification\",\"valueRequired\":true,\"valueName\":\"search_term_string\"}}],\"inLanguage\":\"sr-RS\"},{\"@type\":\"Organization\",\"@id\":\"https:\\\/\\\/www.cisterne.co.rs\\\/#organization\",\"name\":\"Beokul doo Kula\",\"url\":\"https:\\\/\\\/www.cisterne.co.rs\\\/\",\"logo\":{\"@type\":\"ImageObject\",\"inLanguage\":\"sr-RS\",\"@id\":\"https:\\\/\\\/www.cisterne.co.rs\\\/#\\\/schema\\\/logo\\\/image\\\/\",\"url\":\"https:\\\/\\\/www.cisterne.co.rs\\\/wp-content\\\/uploads\\\/2021\\\/09\\\/cropped-Logo-beokul-1.png\",\"contentUrl\":\"https:\\\/\\\/www.cisterne.co.rs\\\/wp-content\\\/uploads\\\/2021\\\/09\\\/cropped-Logo-beokul-1.png\",\"width\":535,\"height\":198,\"caption\":\"Beokul doo Kula\"},\"image\":{\"@id\":\"https:\\\/\\\/www.cisterne.co.rs\\\/#\\\/schema\\\/logo\\\/image\\\/\"},\"sameAs\":[\"https:\\\/\\\/www.facebook.com\\\/doobeokul\",\"https:\\\/\\\/www.linkedin.com\\\/company\\\/beokul-d-o-o\\\/\"]}]}<\/script>\n<!-- \/ Yoast SEO plugin. -->","yoast_head_json":{"title":"52. Pi\u0161tolj za ADBLUE - Beokul doo","description":"Pi\u0161tolj za gorivo pogodan za te\u010dnosti kao \u0161to su ADBLUE i dizel ispu\u0161na te\u010dnost.\u00a0Mlaznica od ner\u0111aju\u0107eg \u010delika,telo pi\u0161tolja od polipropilena.","robots":{"index":"index","follow":"follow","max-snippet":"max-snippet:-1","max-image-preview":"max-image-preview:large","max-video-preview":"max-video-preview:-1"},"canonical":"https:\/\/www.cisterne.co.rs\/index.php\/product\/pistolj-za-adblue-2\/","og_locale":"sr_RS","og_type":"article","og_title":"52. Pi\u0161tolj za ADBLUE - Beokul doo","og_description":"Pi\u0161tolj za gorivo pogodan za te\u010dnosti kao \u0161to su ADBLUE i dizel ispu\u0161na te\u010dnost.\u00a0Mlaznica od ner\u0111aju\u0107eg \u010delika,telo pi\u0161tolja od polipropilena.","og_url":"https:\/\/www.cisterne.co.rs\/index.php\/product\/pistolj-za-adblue-2\/","og_site_name":"Beokul doo","article_publisher":"https:\/\/www.facebook.com\/doobeokul","article_modified_time":"2024-07-09T07:32:32+00:00","og_image":[{"width":2024,"height":1800,"url":"https:\/\/www.cisterne.co.rs\/wp-content\/uploads\/2021\/11\/pistolj-za-istakanje.png","type":"image\/png"}],"twitter_card":"summary_large_image","twitter_misc":{"Procenjeno vreme \u010ditanja":"1 minut"},"schema":{"@context":"https:\/\/schema.org","@graph":[{"@type":"WebPage","@id":"https:\/\/www.cisterne.co.rs\/index.php\/product\/pistolj-za-adblue-2\/","url":"https:\/\/www.cisterne.co.rs\/index.php\/product\/pistolj-za-adblue-2\/","name":"52. Pi\u0161tolj za ADBLUE - Beokul doo","isPartOf":{"@id":"https:\/\/www.cisterne.co.rs\/#website"},"primaryImageOfPage":{"@id":"https:\/\/www.cisterne.co.rs\/index.php\/product\/pistolj-za-adblue-2\/#primaryimage"},"image":{"@id":"https:\/\/www.cisterne.co.rs\/index.php\/product\/pistolj-za-adblue-2\/#primaryimage"},"thumbnailUrl":"https:\/\/www.cisterne.co.rs\/wp-content\/uploads\/2021\/11\/pistolj-za-istakanje.png","datePublished":"2021-11-04T12:42:23+00:00","dateModified":"2024-07-09T07:32:32+00:00","description":"Pi\u0161tolj za gorivo pogodan za te\u010dnosti kao \u0161to su ADBLUE i dizel ispu\u0161na te\u010dnost.\u00a0Mlaznica od ner\u0111aju\u0107eg \u010delika,telo pi\u0161tolja od polipropilena.","breadcrumb":{"@id":"https:\/\/www.cisterne.co.rs\/index.php\/product\/pistolj-za-adblue-2\/#breadcrumb"},"inLanguage":"sr-RS","potentialAction":[{"@type":"ReadAction","target":["https:\/\/www.cisterne.co.rs\/index.php\/product\/pistolj-za-adblue-2\/"]}]},{"@type":"ImageObject","inLanguage":"sr-RS","@id":"https:\/\/www.cisterne.co.rs\/index.php\/product\/pistolj-za-adblue-2\/#primaryimage","url":"https:\/\/www.cisterne.co.rs\/wp-content\/uploads\/2021\/11\/pistolj-za-istakanje.png","contentUrl":"https:\/\/www.cisterne.co.rs\/wp-content\/uploads\/2021\/11\/pistolj-za-istakanje.png","width":2024,"height":1800,"caption":"pistolj za istakanje - pistolj za adblue - pistolj za gorivo"},{"@type":"BreadcrumbList","@id":"https:\/\/www.cisterne.co.rs\/index.php\/product\/pistolj-za-adblue-2\/#breadcrumb","itemListElement":[{"@type":"ListItem","position":1,"name":"Po\u010detna","item":"https:\/\/www.cisterne.co.rs\/"},{"@type":"ListItem","position":2,"name":"E-prodavnica","item":"https:\/\/www.cisterne.co.rs\/"},{"@type":"ListItem","position":3,"name":"52. Pi\u0161tolj za ADBLUE"}]},{"@type":"WebSite","@id":"https:\/\/www.cisterne.co.rs\/#website","url":"https:\/\/www.cisterne.co.rs\/","name":"Beokul doo","description":"Uvoz i prodaja novih i polovnih IBC kontejnera","publisher":{"@id":"https:\/\/www.cisterne.co.rs\/#organization"},"potentialAction":[{"@type":"SearchAction","target":{"@type":"EntryPoint","urlTemplate":"https:\/\/www.cisterne.co.rs\/?s={search_term_string}"},"query-input":{"@type":"PropertyValueSpecification","valueRequired":true,"valueName":"search_term_string"}}],"inLanguage":"sr-RS"},{"@type":"Organization","@id":"https:\/\/www.cisterne.co.rs\/#organization","name":"Beokul doo Kula","url":"https:\/\/www.cisterne.co.rs\/","logo":{"@type":"ImageObject","inLanguage":"sr-RS","@id":"https:\/\/www.cisterne.co.rs\/#\/schema\/logo\/image\/","url":"https:\/\/www.cisterne.co.rs\/wp-content\/uploads\/2021\/09\/cropped-Logo-beokul-1.png","contentUrl":"https:\/\/www.cisterne.co.rs\/wp-content\/uploads\/2021\/09\/cropped-Logo-beokul-1.png","width":535,"height":198,"caption":"Beokul doo Kula"},"image":{"@id":"https:\/\/www.cisterne.co.rs\/#\/schema\/logo\/image\/"},"sameAs":["https:\/\/www.facebook.com\/doobeokul","https:\/\/www.linkedin.com\/company\/beokul-d-o-o\/"]}]}},"_links":{"self":[{"href":"https:\/\/www.cisterne.co.rs\/index.php\/wp-json\/wp\/v2\/product\/670","targetHints":{"allow":["GET"]}}],"collection":[{"href":"https:\/\/www.cisterne.co.rs\/index.php\/wp-json\/wp\/v2\/product"}],"about":[{"href":"https:\/\/www.cisterne.co.rs\/index.php\/wp-json\/wp\/v2\/types\/product"}],"replies":[{"embeddable":true,"href":"https:\/\/www.cisterne.co.rs\/index.php\/wp-json\/wp\/v2\/comments?post=670"}],"wp:featuredmedia":[{"embeddable":true,"href":"https:\/\/www.cisterne.co.rs\/index.php\/wp-json\/wp\/v2\/media\/671"}],"wp:attachment":[{"href":"https:\/\/www.cisterne.co.rs\/index.php\/wp-json\/wp\/v2\/media?parent=670"}],"wp:term":[{"taxonomy":"product_brand","embeddable":true,"href":"https:\/\/www.cisterne.co.rs\/index.php\/wp-json\/wp\/v2\/product_brand?post=670"},{"taxonomy":"product_cat","embeddable":true,"href":"https:\/\/www.cisterne.co.rs\/index.php\/wp-json\/wp\/v2\/product_cat?post=670"},{"taxonomy":"product_tag","embeddable":true,"href":"https:\/\/www.cisterne.co.rs\/index.php\/wp-json\/wp\/v2\/product_tag?post=670"}],"curies":[{"name":"wp","href":"https:\/\/api.w.org\/{rel}","templated":true}]}}