{"id":361,"date":"2021-09-21T08:08:57","date_gmt":"2021-09-21T08:08:57","guid":{"rendered":"https:\/\/www.cisterne.co.rs\/?post_type=product&#038;p=361"},"modified":"2025-08-21T12:47:06","modified_gmt":"2025-08-21T12:47:06","slug":"ibc-kontejneri-oblozeni-korisceni","status":"publish","type":"product","link":"https:\/\/www.cisterne.co.rs\/index.php\/product\/ibc-kontejneri-oblozeni-korisceni\/","title":{"rendered":"<strong>05. IBC kontejner, oblo\u017een pocinkovanim limom <\/strong>&#8211; godi\u0161te 2024\/2025, jednom kori\u0161\u0107eni, oprani, \u010disti i fabri\u010dki kompletni"},"content":{"rendered":"<p>Kontejneri 1000 lit, oblo\u017eeni pocinkovanim limom, godi\u0161te 2024\/2025, jednom kori\u0161\u0107eni, \u010disti i fabri\u010dki kompletni &#8211;\u00a0 spremni za dalju upotrebu.<\/p>\n<p>Za dodatne informacije mo\u017eete nas kontaktirati.<\/p>\n<p>&#8211;<strong>Materijal:\u00a0<\/strong>Plastika &#8211; PE HD 2<br \/>\n<strong>-Kavez:\u00a0<\/strong>\u00a0Pocinkovani<br \/>\n<strong>-Dimenzije: \u00a0 \u00a0<\/strong>120x110x117<br \/>\n<strong>-Kapacitet: \u00a0 \u00a0\u00a0<\/strong>1000lit \/ 1650 kg<br \/>\n<strong>-Otvor gornji:\u00a0<\/strong>15 ili 25 cm<br \/>\n<strong>-Otvor na slavini: \u00a0<\/strong>5 ili 10 cm<\/p>\n<p>Tehni\u010dki list sa svim karakteristikama mo\u017eete preuzeti <a href=\"https:\/\/www.cisterne.co.rs\/wp-content\/uploads\/IBC- Technical data (1)-2.pdf\" target=\"_blank\" rel=\"noopener\">OVDE<\/a>.<\/p>\n","protected":false},"excerpt":{"rendered":"<p>Kontejneri 1000 lit, oblo\u017eeni pocinkovanim limom, godi\u0161te 2024\/2025, jednom kori\u0161\u0107eni, \u010disti i fabri\u010dki kompletni &#8211;\u00a0 spremni za dalju upotrebu. Za dodatne informacije mo\u017eete nas kontaktirati. &#8211;Materijal:\u00a0Plastika &#8211; PE HD 2 -Kavez:\u00a0\u00a0Pocinkovani -Dimenzije: \u00a0 \u00a0120x110x117 -Kapacitet: \u00a0 \u00a0\u00a01000lit \/ 1650 kg -Otvor gornji:\u00a015 ili 25 cm -Otvor na slavini: \u00a05 ili 10 cm Tehni\u010dki list sa [&hellip;]<\/p>\n","protected":false},"featured_media":1487,"comment_status":"open","ping_status":"closed","template":"","meta":{"spay_email":""},"product_brand":[],"product_cat":[21,73],"product_tag":[241,243,72,25,242,245,247],"class_list":{"0":"post-361","1":"product","2":"type-product","3":"status-publish","4":"has-post-thumbnail","6":"product_cat-ibc-kontejneri","7":"product_cat-ibc-kontejneri-korisceni","8":"product_tag-cisterna","9":"product_tag-cisterna-za-vodu","10":"product_tag-ibc-cisterna","11":"product_tag-ibc-kontejner","12":"product_tag-kocka-za-vodu","13":"product_tag-kontejner-za-vodu","14":"product_tag-navodnjavanje","16":"first","17":"instock","18":"taxable","19":"shipping-taxable","20":"product-type-external"},"yoast_head":"<!-- This site is optimized with the Yoast SEO plugin v27.6 - https:\/\/yoast.com\/product\/yoast-seo-wordpress\/ -->\n<title>05. IBC kontejner, oblo\u017een pocinkovanim limom - godi\u0161te 2024\/2025, jednom kori\u0161\u0107eni, oprani, \u010disti i fabri\u010dki kompletni - Beokul doo<\/title>\n<meta name=\"description\" content=\"IBC kontejneri - kontejneri 1000 lit, oblo\u017eeni pocinkovanim limom, jednom kori\u0161\u0107eni, \u010disti i fabri\u010dki kompletni -\u00a0 spremni za dalju upotrebu.\" \/>\n<meta name=\"robots\" content=\"index, follow, max-snippet:-1, max-image-preview:large, max-video-preview:-1\" \/>\n<link rel=\"canonical\" href=\"https:\/\/www.cisterne.co.rs\/index.php\/product\/ibc-kontejneri-oblozeni-korisceni\/\" \/>\n<meta property=\"og:locale\" content=\"sr_RS\" \/>\n<meta property=\"og:type\" content=\"article\" \/>\n<meta property=\"og:title\" content=\"05. IBC kontejner, oblo\u017een pocinkovanim limom - godi\u0161te 2024\/2025, jednom kori\u0161\u0107eni, oprani, \u010disti i fabri\u010dki kompletni - Beokul doo\" \/>\n<meta property=\"og:description\" content=\"IBC kontejneri - kontejneri 1000 lit, oblo\u017eeni pocinkovanim limom, jednom kori\u0161\u0107eni, \u010disti i fabri\u010dki kompletni -\u00a0 spremni za dalju upotrebu.\" \/>\n<meta property=\"og:url\" content=\"https:\/\/www.cisterne.co.rs\/index.php\/product\/ibc-kontejneri-oblozeni-korisceni\/\" \/>\n<meta property=\"og:site_name\" content=\"Beokul doo\" \/>\n<meta property=\"article:publisher\" content=\"https:\/\/www.facebook.com\/doobeokul\" \/>\n<meta property=\"article:modified_time\" content=\"2025-08-21T12:47:06+00:00\" \/>\n<meta property=\"og:image\" content=\"https:\/\/www.cisterne.co.rs\/wp-content\/uploads\/2021\/09\/oblozeni-1-e1685365437503.png\" \/>\n\t<meta property=\"og:image:width\" content=\"436\" \/>\n\t<meta property=\"og:image:height\" content=\"439\" \/>\n\t<meta property=\"og:image:type\" content=\"image\/png\" \/>\n<meta name=\"twitter:card\" content=\"summary_large_image\" \/>\n<script type=\"application\/ld+json\" class=\"yoast-schema-graph\">{\"@context\":\"https:\\\/\\\/schema.org\",\"@graph\":[{\"@type\":\"WebPage\",\"@id\":\"https:\\\/\\\/www.cisterne.co.rs\\\/index.php\\\/product\\\/ibc-kontejneri-oblozeni-korisceni\\\/\",\"url\":\"https:\\\/\\\/www.cisterne.co.rs\\\/index.php\\\/product\\\/ibc-kontejneri-oblozeni-korisceni\\\/\",\"name\":\"05. IBC kontejner, oblo\u017een pocinkovanim limom - godi\u0161te 2024\\\/2025, jednom kori\u0161\u0107eni, oprani, \u010disti i fabri\u010dki kompletni - Beokul doo\",\"isPartOf\":{\"@id\":\"https:\\\/\\\/www.cisterne.co.rs\\\/#website\"},\"primaryImageOfPage\":{\"@id\":\"https:\\\/\\\/www.cisterne.co.rs\\\/index.php\\\/product\\\/ibc-kontejneri-oblozeni-korisceni\\\/#primaryimage\"},\"image\":{\"@id\":\"https:\\\/\\\/www.cisterne.co.rs\\\/index.php\\\/product\\\/ibc-kontejneri-oblozeni-korisceni\\\/#primaryimage\"},\"thumbnailUrl\":\"https:\\\/\\\/www.cisterne.co.rs\\\/wp-content\\\/uploads\\\/2021\\\/09\\\/oblozeni-1-e1685365437503.png\",\"datePublished\":\"2021-09-21T08:08:57+00:00\",\"dateModified\":\"2025-08-21T12:47:06+00:00\",\"description\":\"IBC kontejneri - kontejneri 1000 lit, oblo\u017eeni pocinkovanim limom, jednom kori\u0161\u0107eni, \u010disti i fabri\u010dki kompletni -\u00a0 spremni za dalju upotrebu.\",\"breadcrumb\":{\"@id\":\"https:\\\/\\\/www.cisterne.co.rs\\\/index.php\\\/product\\\/ibc-kontejneri-oblozeni-korisceni\\\/#breadcrumb\"},\"inLanguage\":\"sr-RS\",\"potentialAction\":[{\"@type\":\"ReadAction\",\"target\":[\"https:\\\/\\\/www.cisterne.co.rs\\\/index.php\\\/product\\\/ibc-kontejneri-oblozeni-korisceni\\\/\"]}]},{\"@type\":\"ImageObject\",\"inLanguage\":\"sr-RS\",\"@id\":\"https:\\\/\\\/www.cisterne.co.rs\\\/index.php\\\/product\\\/ibc-kontejneri-oblozeni-korisceni\\\/#primaryimage\",\"url\":\"https:\\\/\\\/www.cisterne.co.rs\\\/wp-content\\\/uploads\\\/2021\\\/09\\\/oblozeni-1-e1685365437503.png\",\"contentUrl\":\"https:\\\/\\\/www.cisterne.co.rs\\\/wp-content\\\/uploads\\\/2021\\\/09\\\/oblozeni-1-e1685365437503.png\",\"width\":436,\"height\":439,\"caption\":\"ibc kontejneri\"},{\"@type\":\"BreadcrumbList\",\"@id\":\"https:\\\/\\\/www.cisterne.co.rs\\\/index.php\\\/product\\\/ibc-kontejneri-oblozeni-korisceni\\\/#breadcrumb\",\"itemListElement\":[{\"@type\":\"ListItem\",\"position\":1,\"name\":\"Po\u010detna\",\"item\":\"https:\\\/\\\/www.cisterne.co.rs\\\/\"},{\"@type\":\"ListItem\",\"position\":2,\"name\":\"E-prodavnica\",\"item\":\"https:\\\/\\\/www.cisterne.co.rs\\\/\"},{\"@type\":\"ListItem\",\"position\":3,\"name\":\"05. IBC kontejner, oblo\u017een pocinkovanim limom &#8211; godi\u0161te 2024\\\/2025, jednom kori\u0161\u0107eni, oprani, \u010disti i fabri\u010dki kompletni\"}]},{\"@type\":\"WebSite\",\"@id\":\"https:\\\/\\\/www.cisterne.co.rs\\\/#website\",\"url\":\"https:\\\/\\\/www.cisterne.co.rs\\\/\",\"name\":\"Beokul doo\",\"description\":\"Uvoz i prodaja novih i polovnih IBC kontejnera\",\"publisher\":{\"@id\":\"https:\\\/\\\/www.cisterne.co.rs\\\/#organization\"},\"potentialAction\":[{\"@type\":\"SearchAction\",\"target\":{\"@type\":\"EntryPoint\",\"urlTemplate\":\"https:\\\/\\\/www.cisterne.co.rs\\\/?s={search_term_string}\"},\"query-input\":{\"@type\":\"PropertyValueSpecification\",\"valueRequired\":true,\"valueName\":\"search_term_string\"}}],\"inLanguage\":\"sr-RS\"},{\"@type\":\"Organization\",\"@id\":\"https:\\\/\\\/www.cisterne.co.rs\\\/#organization\",\"name\":\"Beokul doo Kula\",\"url\":\"https:\\\/\\\/www.cisterne.co.rs\\\/\",\"logo\":{\"@type\":\"ImageObject\",\"inLanguage\":\"sr-RS\",\"@id\":\"https:\\\/\\\/www.cisterne.co.rs\\\/#\\\/schema\\\/logo\\\/image\\\/\",\"url\":\"https:\\\/\\\/www.cisterne.co.rs\\\/wp-content\\\/uploads\\\/2021\\\/09\\\/cropped-Logo-beokul-1.png\",\"contentUrl\":\"https:\\\/\\\/www.cisterne.co.rs\\\/wp-content\\\/uploads\\\/2021\\\/09\\\/cropped-Logo-beokul-1.png\",\"width\":535,\"height\":198,\"caption\":\"Beokul doo Kula\"},\"image\":{\"@id\":\"https:\\\/\\\/www.cisterne.co.rs\\\/#\\\/schema\\\/logo\\\/image\\\/\"},\"sameAs\":[\"https:\\\/\\\/www.facebook.com\\\/doobeokul\",\"https:\\\/\\\/www.linkedin.com\\\/company\\\/beokul-d-o-o\\\/\"]}]}<\/script>\n<!-- \/ Yoast SEO plugin. -->","yoast_head_json":{"title":"05. IBC kontejner, oblo\u017een pocinkovanim limom - godi\u0161te 2024\/2025, jednom kori\u0161\u0107eni, oprani, \u010disti i fabri\u010dki kompletni - Beokul doo","description":"IBC kontejneri - kontejneri 1000 lit, oblo\u017eeni pocinkovanim limom, jednom kori\u0161\u0107eni, \u010disti i fabri\u010dki kompletni -\u00a0 spremni za dalju upotrebu.","robots":{"index":"index","follow":"follow","max-snippet":"max-snippet:-1","max-image-preview":"max-image-preview:large","max-video-preview":"max-video-preview:-1"},"canonical":"https:\/\/www.cisterne.co.rs\/index.php\/product\/ibc-kontejneri-oblozeni-korisceni\/","og_locale":"sr_RS","og_type":"article","og_title":"05. IBC kontejner, oblo\u017een pocinkovanim limom - godi\u0161te 2024\/2025, jednom kori\u0161\u0107eni, oprani, \u010disti i fabri\u010dki kompletni - Beokul doo","og_description":"IBC kontejneri - kontejneri 1000 lit, oblo\u017eeni pocinkovanim limom, jednom kori\u0161\u0107eni, \u010disti i fabri\u010dki kompletni -\u00a0 spremni za dalju upotrebu.","og_url":"https:\/\/www.cisterne.co.rs\/index.php\/product\/ibc-kontejneri-oblozeni-korisceni\/","og_site_name":"Beokul doo","article_publisher":"https:\/\/www.facebook.com\/doobeokul","article_modified_time":"2025-08-21T12:47:06+00:00","og_image":[{"width":436,"height":439,"url":"https:\/\/www.cisterne.co.rs\/wp-content\/uploads\/2021\/09\/oblozeni-1-e1685365437503.png","type":"image\/png"}],"twitter_card":"summary_large_image","schema":{"@context":"https:\/\/schema.org","@graph":[{"@type":"WebPage","@id":"https:\/\/www.cisterne.co.rs\/index.php\/product\/ibc-kontejneri-oblozeni-korisceni\/","url":"https:\/\/www.cisterne.co.rs\/index.php\/product\/ibc-kontejneri-oblozeni-korisceni\/","name":"05. IBC kontejner, oblo\u017een pocinkovanim limom - godi\u0161te 2024\/2025, jednom kori\u0161\u0107eni, oprani, \u010disti i fabri\u010dki kompletni - Beokul doo","isPartOf":{"@id":"https:\/\/www.cisterne.co.rs\/#website"},"primaryImageOfPage":{"@id":"https:\/\/www.cisterne.co.rs\/index.php\/product\/ibc-kontejneri-oblozeni-korisceni\/#primaryimage"},"image":{"@id":"https:\/\/www.cisterne.co.rs\/index.php\/product\/ibc-kontejneri-oblozeni-korisceni\/#primaryimage"},"thumbnailUrl":"https:\/\/www.cisterne.co.rs\/wp-content\/uploads\/2021\/09\/oblozeni-1-e1685365437503.png","datePublished":"2021-09-21T08:08:57+00:00","dateModified":"2025-08-21T12:47:06+00:00","description":"IBC kontejneri - kontejneri 1000 lit, oblo\u017eeni pocinkovanim limom, jednom kori\u0161\u0107eni, \u010disti i fabri\u010dki kompletni -\u00a0 spremni za dalju upotrebu.","breadcrumb":{"@id":"https:\/\/www.cisterne.co.rs\/index.php\/product\/ibc-kontejneri-oblozeni-korisceni\/#breadcrumb"},"inLanguage":"sr-RS","potentialAction":[{"@type":"ReadAction","target":["https:\/\/www.cisterne.co.rs\/index.php\/product\/ibc-kontejneri-oblozeni-korisceni\/"]}]},{"@type":"ImageObject","inLanguage":"sr-RS","@id":"https:\/\/www.cisterne.co.rs\/index.php\/product\/ibc-kontejneri-oblozeni-korisceni\/#primaryimage","url":"https:\/\/www.cisterne.co.rs\/wp-content\/uploads\/2021\/09\/oblozeni-1-e1685365437503.png","contentUrl":"https:\/\/www.cisterne.co.rs\/wp-content\/uploads\/2021\/09\/oblozeni-1-e1685365437503.png","width":436,"height":439,"caption":"ibc kontejneri"},{"@type":"BreadcrumbList","@id":"https:\/\/www.cisterne.co.rs\/index.php\/product\/ibc-kontejneri-oblozeni-korisceni\/#breadcrumb","itemListElement":[{"@type":"ListItem","position":1,"name":"Po\u010detna","item":"https:\/\/www.cisterne.co.rs\/"},{"@type":"ListItem","position":2,"name":"E-prodavnica","item":"https:\/\/www.cisterne.co.rs\/"},{"@type":"ListItem","position":3,"name":"05. IBC kontejner, oblo\u017een pocinkovanim limom &#8211; godi\u0161te 2024\/2025, jednom kori\u0161\u0107eni, oprani, \u010disti i fabri\u010dki kompletni"}]},{"@type":"WebSite","@id":"https:\/\/www.cisterne.co.rs\/#website","url":"https:\/\/www.cisterne.co.rs\/","name":"Beokul doo","description":"Uvoz i prodaja novih i polovnih IBC kontejnera","publisher":{"@id":"https:\/\/www.cisterne.co.rs\/#organization"},"potentialAction":[{"@type":"SearchAction","target":{"@type":"EntryPoint","urlTemplate":"https:\/\/www.cisterne.co.rs\/?s={search_term_string}"},"query-input":{"@type":"PropertyValueSpecification","valueRequired":true,"valueName":"search_term_string"}}],"inLanguage":"sr-RS"},{"@type":"Organization","@id":"https:\/\/www.cisterne.co.rs\/#organization","name":"Beokul doo Kula","url":"https:\/\/www.cisterne.co.rs\/","logo":{"@type":"ImageObject","inLanguage":"sr-RS","@id":"https:\/\/www.cisterne.co.rs\/#\/schema\/logo\/image\/","url":"https:\/\/www.cisterne.co.rs\/wp-content\/uploads\/2021\/09\/cropped-Logo-beokul-1.png","contentUrl":"https:\/\/www.cisterne.co.rs\/wp-content\/uploads\/2021\/09\/cropped-Logo-beokul-1.png","width":535,"height":198,"caption":"Beokul doo Kula"},"image":{"@id":"https:\/\/www.cisterne.co.rs\/#\/schema\/logo\/image\/"},"sameAs":["https:\/\/www.facebook.com\/doobeokul","https:\/\/www.linkedin.com\/company\/beokul-d-o-o\/"]}]}},"_links":{"self":[{"href":"https:\/\/www.cisterne.co.rs\/index.php\/wp-json\/wp\/v2\/product\/361","targetHints":{"allow":["GET"]}}],"collection":[{"href":"https:\/\/www.cisterne.co.rs\/index.php\/wp-json\/wp\/v2\/product"}],"about":[{"href":"https:\/\/www.cisterne.co.rs\/index.php\/wp-json\/wp\/v2\/types\/product"}],"replies":[{"embeddable":true,"href":"https:\/\/www.cisterne.co.rs\/index.php\/wp-json\/wp\/v2\/comments?post=361"}],"wp:featuredmedia":[{"embeddable":true,"href":"https:\/\/www.cisterne.co.rs\/index.php\/wp-json\/wp\/v2\/media\/1487"}],"wp:attachment":[{"href":"https:\/\/www.cisterne.co.rs\/index.php\/wp-json\/wp\/v2\/media?parent=361"}],"wp:term":[{"taxonomy":"product_brand","embeddable":true,"href":"https:\/\/www.cisterne.co.rs\/index.php\/wp-json\/wp\/v2\/product_brand?post=361"},{"taxonomy":"product_cat","embeddable":true,"href":"https:\/\/www.cisterne.co.rs\/index.php\/wp-json\/wp\/v2\/product_cat?post=361"},{"taxonomy":"product_tag","embeddable":true,"href":"https:\/\/www.cisterne.co.rs\/index.php\/wp-json\/wp\/v2\/product_tag?post=361"}],"curies":[{"name":"wp","href":"https:\/\/api.w.org\/{rel}","templated":true}]}}