{"id":1335,"date":"2023-01-10T09:43:38","date_gmt":"2023-01-10T09:43:38","guid":{"rendered":"https:\/\/www.cisterne.co.rs\/?post_type=product&#038;p=1335"},"modified":"2026-05-11T11:50:48","modified_gmt":"2026-05-11T11:50:48","slug":"ibc-kontejneri-1000l-korisceni-plasticna-pocinkovana-paleta","status":"publish","type":"product","link":"https:\/\/www.cisterne.co.rs\/index.php\/product\/ibc-kontejneri-1000l-korisceni-plasticna-pocinkovana-paleta\/","title":{"rendered":"<strong>06. IBC kontejner, plasti\u010dna ili pocinkovana paleta &#8211; klasa 1 &#8211;<\/strong> godi\u0161te 2024\/2025, jednom kori\u0161\u0107eni, tretirani i oprani, potpuno \u010disti i fabri\u010dki kompletni"},"content":{"rendered":"<p>Kontejneri 1000 lit, godi\u0161te 2024\/2025, jednom kori\u0161\u0107eni,\u00a0 \u010disti i fabri\u010dki kompletni \u2013\u00a0 spremni za dalju upotrebu. Cisterne su na plasti\u010dnim ili pocinkovanim paletama.<\/p>\n<p>Za sve dodatne informacije i na\u010din poru\u010divanja mo\u017eete nas kontaktirati.<\/p>\n<p>\u2013<strong>Materijal:\u00a0<\/strong>Plastika \u2013 PE HD 2<br \/>\n<strong>-Kavez:\u00a0<\/strong>\u00a0Pocinkovani<br \/>\n<strong>-Dimenzije: \u00a0 \u00a0<\/strong>120x110x117<br \/>\n<strong>-Kapacitet: \u00a0 \u00a0\u00a0<\/strong>1000lit \/ 1650 kg<br \/>\n<strong>-Otvor gornji:\u00a0<\/strong>15 ili 25 cm<br \/>\n<strong>-Otvor na slavini: \u00a0<\/strong>5 ili 10 cm<\/p>\n<p>Beokul doo Kula poseduje dozvolu za operatera i tretman ambala\u017ee tako da su sve cisterne temeljno o\u010di\u0161\u0107ene od svih prethodnih supstanci.<\/p>\n<p>Tehni\u010dki list sa svim karakteristikama mo\u017eete preuzeti\u00a0<a href=\"https:\/\/www.cisterne.co.rs\/wp-content\/uploads\/IBC-%20Technical%20data%20(1)-2.pdf\" target=\"_blank\" rel=\"noopener\">OVDE<\/a>.<\/p>\n","protected":false},"excerpt":{"rendered":"<p>Cisterne kapaciteta 100l, fabri\u010dki kompletne &#8211; slavina DN50, gornji otvor 15cm, plasti\u010dne ili pocinkovane palete. Kontejneri su oprani, \u010disti i spremni za upotrebu.<br \/>\nDimenzije &#8211; paleta 100x120cm, visina 117cm\u00a0 \/ kapacitet &#8211; 1000 litara<\/p>\n","protected":false},"featured_media":1486,"comment_status":"open","ping_status":"closed","template":"","meta":{"spay_email":""},"product_brand":[],"product_cat":[73],"product_tag":[244,243,72,25,242],"class_list":{"0":"post-1335","1":"product","2":"type-product","3":"status-publish","4":"has-post-thumbnail","6":"product_cat-ibc-kontejneri-korisceni","7":"product_tag-cisterna-1000l","8":"product_tag-cisterna-za-vodu","9":"product_tag-ibc-cisterna","10":"product_tag-ibc-kontejner","11":"product_tag-kocka-za-vodu","13":"first","14":"instock","15":"taxable","16":"shipping-taxable","17":"product-type-external"},"yoast_head":"<!-- This site is optimized with the Yoast SEO plugin v27.6 - https:\/\/yoast.com\/product\/yoast-seo-wordpress\/ -->\n<title>06. IBC kontejner, plasti\u010dna ili pocinkovana paleta - klasa 1 - godi\u0161te 2024\/2025, jednom kori\u0161\u0107eni, tretirani i oprani, potpuno \u010disti i fabri\u010dki kompletni - Beokul doo<\/title>\n<meta name=\"description\" content=\"IBC kontejneri - kori\u0161\u0107eni (plasti\u010dna ili pocinkovana paleta) jednom kori\u0161\u0107eni, \u010disti i fabri\u010dki kompletni - spremni za dalju upotrebu.\" \/>\n<meta name=\"robots\" content=\"index, follow, max-snippet:-1, max-image-preview:large, max-video-preview:-1\" \/>\n<link rel=\"canonical\" href=\"https:\/\/www.cisterne.co.rs\/index.php\/product\/ibc-kontejneri-1000l-korisceni-plasticna-pocinkovana-paleta\/\" \/>\n<meta property=\"og:locale\" content=\"sr_RS\" \/>\n<meta property=\"og:type\" content=\"article\" \/>\n<meta property=\"og:title\" content=\"06. IBC kontejner, plasti\u010dna ili pocinkovana paleta - klasa 1 - godi\u0161te 2024\/2025, jednom kori\u0161\u0107eni, tretirani i oprani, potpuno \u010disti i fabri\u010dki kompletni - Beokul doo\" \/>\n<meta property=\"og:description\" content=\"IBC kontejneri - kori\u0161\u0107eni (plasti\u010dna ili pocinkovana paleta) jednom kori\u0161\u0107eni, \u010disti i fabri\u010dki kompletni - spremni za dalju upotrebu.\" \/>\n<meta property=\"og:url\" content=\"https:\/\/www.cisterne.co.rs\/index.php\/product\/ibc-kontejneri-1000l-korisceni-plasticna-pocinkovana-paleta\/\" \/>\n<meta property=\"og:site_name\" content=\"Beokul doo\" \/>\n<meta property=\"article:publisher\" content=\"https:\/\/www.facebook.com\/doobeokul\" \/>\n<meta property=\"article:modified_time\" content=\"2026-05-11T11:50:48+00:00\" \/>\n<meta property=\"og:image\" content=\"https:\/\/www.cisterne.co.rs\/wp-content\/uploads\/2023\/01\/plasticna-ili-pocinkovana-paleta.png\" \/>\n\t<meta property=\"og:image:width\" content=\"653\" \/>\n\t<meta property=\"og:image:height\" content=\"644\" \/>\n\t<meta property=\"og:image:type\" content=\"image\/png\" \/>\n<meta name=\"twitter:card\" content=\"summary_large_image\" \/>\n<script type=\"application\/ld+json\" class=\"yoast-schema-graph\">{\"@context\":\"https:\\\/\\\/schema.org\",\"@graph\":[{\"@type\":\"WebPage\",\"@id\":\"https:\\\/\\\/www.cisterne.co.rs\\\/index.php\\\/product\\\/ibc-kontejneri-1000l-korisceni-plasticna-pocinkovana-paleta\\\/\",\"url\":\"https:\\\/\\\/www.cisterne.co.rs\\\/index.php\\\/product\\\/ibc-kontejneri-1000l-korisceni-plasticna-pocinkovana-paleta\\\/\",\"name\":\"06. IBC kontejner, plasti\u010dna ili pocinkovana paleta - klasa 1 - godi\u0161te 2024\\\/2025, jednom kori\u0161\u0107eni, tretirani i oprani, potpuno \u010disti i fabri\u010dki kompletni - Beokul doo\",\"isPartOf\":{\"@id\":\"https:\\\/\\\/www.cisterne.co.rs\\\/#website\"},\"primaryImageOfPage\":{\"@id\":\"https:\\\/\\\/www.cisterne.co.rs\\\/index.php\\\/product\\\/ibc-kontejneri-1000l-korisceni-plasticna-pocinkovana-paleta\\\/#primaryimage\"},\"image\":{\"@id\":\"https:\\\/\\\/www.cisterne.co.rs\\\/index.php\\\/product\\\/ibc-kontejneri-1000l-korisceni-plasticna-pocinkovana-paleta\\\/#primaryimage\"},\"thumbnailUrl\":\"https:\\\/\\\/www.cisterne.co.rs\\\/wp-content\\\/uploads\\\/2023\\\/01\\\/plasticna-ili-pocinkovana-paleta.png\",\"datePublished\":\"2023-01-10T09:43:38+00:00\",\"dateModified\":\"2026-05-11T11:50:48+00:00\",\"description\":\"IBC kontejneri - kori\u0161\u0107eni (plasti\u010dna ili pocinkovana paleta) jednom kori\u0161\u0107eni, \u010disti i fabri\u010dki kompletni - spremni za dalju upotrebu.\",\"breadcrumb\":{\"@id\":\"https:\\\/\\\/www.cisterne.co.rs\\\/index.php\\\/product\\\/ibc-kontejneri-1000l-korisceni-plasticna-pocinkovana-paleta\\\/#breadcrumb\"},\"inLanguage\":\"sr-RS\",\"potentialAction\":[{\"@type\":\"ReadAction\",\"target\":[\"https:\\\/\\\/www.cisterne.co.rs\\\/index.php\\\/product\\\/ibc-kontejneri-1000l-korisceni-plasticna-pocinkovana-paleta\\\/\"]}]},{\"@type\":\"ImageObject\",\"inLanguage\":\"sr-RS\",\"@id\":\"https:\\\/\\\/www.cisterne.co.rs\\\/index.php\\\/product\\\/ibc-kontejneri-1000l-korisceni-plasticna-pocinkovana-paleta\\\/#primaryimage\",\"url\":\"https:\\\/\\\/www.cisterne.co.rs\\\/wp-content\\\/uploads\\\/2023\\\/01\\\/plasticna-ili-pocinkovana-paleta.png\",\"contentUrl\":\"https:\\\/\\\/www.cisterne.co.rs\\\/wp-content\\\/uploads\\\/2023\\\/01\\\/plasticna-ili-pocinkovana-paleta.png\",\"width\":653,\"height\":644,\"caption\":\"ibc kontejner\"},{\"@type\":\"BreadcrumbList\",\"@id\":\"https:\\\/\\\/www.cisterne.co.rs\\\/index.php\\\/product\\\/ibc-kontejneri-1000l-korisceni-plasticna-pocinkovana-paleta\\\/#breadcrumb\",\"itemListElement\":[{\"@type\":\"ListItem\",\"position\":1,\"name\":\"Po\u010detna\",\"item\":\"https:\\\/\\\/www.cisterne.co.rs\\\/\"},{\"@type\":\"ListItem\",\"position\":2,\"name\":\"E-prodavnica\",\"item\":\"https:\\\/\\\/www.cisterne.co.rs\\\/\"},{\"@type\":\"ListItem\",\"position\":3,\"name\":\"06. IBC kontejner, plasti\u010dna ili pocinkovana paleta &#8211; klasa 1 &#8211; godi\u0161te 2024\\\/2025, jednom kori\u0161\u0107eni, tretirani i oprani, potpuno \u010disti i fabri\u010dki kompletni\"}]},{\"@type\":\"WebSite\",\"@id\":\"https:\\\/\\\/www.cisterne.co.rs\\\/#website\",\"url\":\"https:\\\/\\\/www.cisterne.co.rs\\\/\",\"name\":\"Beokul doo\",\"description\":\"Uvoz i prodaja novih i polovnih IBC kontejnera\",\"publisher\":{\"@id\":\"https:\\\/\\\/www.cisterne.co.rs\\\/#organization\"},\"potentialAction\":[{\"@type\":\"SearchAction\",\"target\":{\"@type\":\"EntryPoint\",\"urlTemplate\":\"https:\\\/\\\/www.cisterne.co.rs\\\/?s={search_term_string}\"},\"query-input\":{\"@type\":\"PropertyValueSpecification\",\"valueRequired\":true,\"valueName\":\"search_term_string\"}}],\"inLanguage\":\"sr-RS\"},{\"@type\":\"Organization\",\"@id\":\"https:\\\/\\\/www.cisterne.co.rs\\\/#organization\",\"name\":\"Beokul doo Kula\",\"url\":\"https:\\\/\\\/www.cisterne.co.rs\\\/\",\"logo\":{\"@type\":\"ImageObject\",\"inLanguage\":\"sr-RS\",\"@id\":\"https:\\\/\\\/www.cisterne.co.rs\\\/#\\\/schema\\\/logo\\\/image\\\/\",\"url\":\"https:\\\/\\\/www.cisterne.co.rs\\\/wp-content\\\/uploads\\\/2021\\\/09\\\/cropped-Logo-beokul-1.png\",\"contentUrl\":\"https:\\\/\\\/www.cisterne.co.rs\\\/wp-content\\\/uploads\\\/2021\\\/09\\\/cropped-Logo-beokul-1.png\",\"width\":535,\"height\":198,\"caption\":\"Beokul doo Kula\"},\"image\":{\"@id\":\"https:\\\/\\\/www.cisterne.co.rs\\\/#\\\/schema\\\/logo\\\/image\\\/\"},\"sameAs\":[\"https:\\\/\\\/www.facebook.com\\\/doobeokul\",\"https:\\\/\\\/www.linkedin.com\\\/company\\\/beokul-d-o-o\\\/\"]}]}<\/script>\n<!-- \/ Yoast SEO plugin. -->","yoast_head_json":{"title":"06. IBC kontejner, plasti\u010dna ili pocinkovana paleta - klasa 1 - godi\u0161te 2024\/2025, jednom kori\u0161\u0107eni, tretirani i oprani, potpuno \u010disti i fabri\u010dki kompletni - Beokul doo","description":"IBC kontejneri - kori\u0161\u0107eni (plasti\u010dna ili pocinkovana paleta) jednom kori\u0161\u0107eni, \u010disti i fabri\u010dki kompletni - spremni za dalju upotrebu.","robots":{"index":"index","follow":"follow","max-snippet":"max-snippet:-1","max-image-preview":"max-image-preview:large","max-video-preview":"max-video-preview:-1"},"canonical":"https:\/\/www.cisterne.co.rs\/index.php\/product\/ibc-kontejneri-1000l-korisceni-plasticna-pocinkovana-paleta\/","og_locale":"sr_RS","og_type":"article","og_title":"06. IBC kontejner, plasti\u010dna ili pocinkovana paleta - klasa 1 - godi\u0161te 2024\/2025, jednom kori\u0161\u0107eni, tretirani i oprani, potpuno \u010disti i fabri\u010dki kompletni - Beokul doo","og_description":"IBC kontejneri - kori\u0161\u0107eni (plasti\u010dna ili pocinkovana paleta) jednom kori\u0161\u0107eni, \u010disti i fabri\u010dki kompletni - spremni za dalju upotrebu.","og_url":"https:\/\/www.cisterne.co.rs\/index.php\/product\/ibc-kontejneri-1000l-korisceni-plasticna-pocinkovana-paleta\/","og_site_name":"Beokul doo","article_publisher":"https:\/\/www.facebook.com\/doobeokul","article_modified_time":"2026-05-11T11:50:48+00:00","og_image":[{"width":653,"height":644,"url":"https:\/\/www.cisterne.co.rs\/wp-content\/uploads\/2023\/01\/plasticna-ili-pocinkovana-paleta.png","type":"image\/png"}],"twitter_card":"summary_large_image","schema":{"@context":"https:\/\/schema.org","@graph":[{"@type":"WebPage","@id":"https:\/\/www.cisterne.co.rs\/index.php\/product\/ibc-kontejneri-1000l-korisceni-plasticna-pocinkovana-paleta\/","url":"https:\/\/www.cisterne.co.rs\/index.php\/product\/ibc-kontejneri-1000l-korisceni-plasticna-pocinkovana-paleta\/","name":"06. IBC kontejner, plasti\u010dna ili pocinkovana paleta - klasa 1 - godi\u0161te 2024\/2025, jednom kori\u0161\u0107eni, tretirani i oprani, potpuno \u010disti i fabri\u010dki kompletni - Beokul doo","isPartOf":{"@id":"https:\/\/www.cisterne.co.rs\/#website"},"primaryImageOfPage":{"@id":"https:\/\/www.cisterne.co.rs\/index.php\/product\/ibc-kontejneri-1000l-korisceni-plasticna-pocinkovana-paleta\/#primaryimage"},"image":{"@id":"https:\/\/www.cisterne.co.rs\/index.php\/product\/ibc-kontejneri-1000l-korisceni-plasticna-pocinkovana-paleta\/#primaryimage"},"thumbnailUrl":"https:\/\/www.cisterne.co.rs\/wp-content\/uploads\/2023\/01\/plasticna-ili-pocinkovana-paleta.png","datePublished":"2023-01-10T09:43:38+00:00","dateModified":"2026-05-11T11:50:48+00:00","description":"IBC kontejneri - kori\u0161\u0107eni (plasti\u010dna ili pocinkovana paleta) jednom kori\u0161\u0107eni, \u010disti i fabri\u010dki kompletni - spremni za dalju upotrebu.","breadcrumb":{"@id":"https:\/\/www.cisterne.co.rs\/index.php\/product\/ibc-kontejneri-1000l-korisceni-plasticna-pocinkovana-paleta\/#breadcrumb"},"inLanguage":"sr-RS","potentialAction":[{"@type":"ReadAction","target":["https:\/\/www.cisterne.co.rs\/index.php\/product\/ibc-kontejneri-1000l-korisceni-plasticna-pocinkovana-paleta\/"]}]},{"@type":"ImageObject","inLanguage":"sr-RS","@id":"https:\/\/www.cisterne.co.rs\/index.php\/product\/ibc-kontejneri-1000l-korisceni-plasticna-pocinkovana-paleta\/#primaryimage","url":"https:\/\/www.cisterne.co.rs\/wp-content\/uploads\/2023\/01\/plasticna-ili-pocinkovana-paleta.png","contentUrl":"https:\/\/www.cisterne.co.rs\/wp-content\/uploads\/2023\/01\/plasticna-ili-pocinkovana-paleta.png","width":653,"height":644,"caption":"ibc kontejner"},{"@type":"BreadcrumbList","@id":"https:\/\/www.cisterne.co.rs\/index.php\/product\/ibc-kontejneri-1000l-korisceni-plasticna-pocinkovana-paleta\/#breadcrumb","itemListElement":[{"@type":"ListItem","position":1,"name":"Po\u010detna","item":"https:\/\/www.cisterne.co.rs\/"},{"@type":"ListItem","position":2,"name":"E-prodavnica","item":"https:\/\/www.cisterne.co.rs\/"},{"@type":"ListItem","position":3,"name":"06. IBC kontejner, plasti\u010dna ili pocinkovana paleta &#8211; klasa 1 &#8211; godi\u0161te 2024\/2025, jednom kori\u0161\u0107eni, tretirani i oprani, potpuno \u010disti i fabri\u010dki kompletni"}]},{"@type":"WebSite","@id":"https:\/\/www.cisterne.co.rs\/#website","url":"https:\/\/www.cisterne.co.rs\/","name":"Beokul doo","description":"Uvoz i prodaja novih i polovnih IBC kontejnera","publisher":{"@id":"https:\/\/www.cisterne.co.rs\/#organization"},"potentialAction":[{"@type":"SearchAction","target":{"@type":"EntryPoint","urlTemplate":"https:\/\/www.cisterne.co.rs\/?s={search_term_string}"},"query-input":{"@type":"PropertyValueSpecification","valueRequired":true,"valueName":"search_term_string"}}],"inLanguage":"sr-RS"},{"@type":"Organization","@id":"https:\/\/www.cisterne.co.rs\/#organization","name":"Beokul doo Kula","url":"https:\/\/www.cisterne.co.rs\/","logo":{"@type":"ImageObject","inLanguage":"sr-RS","@id":"https:\/\/www.cisterne.co.rs\/#\/schema\/logo\/image\/","url":"https:\/\/www.cisterne.co.rs\/wp-content\/uploads\/2021\/09\/cropped-Logo-beokul-1.png","contentUrl":"https:\/\/www.cisterne.co.rs\/wp-content\/uploads\/2021\/09\/cropped-Logo-beokul-1.png","width":535,"height":198,"caption":"Beokul doo Kula"},"image":{"@id":"https:\/\/www.cisterne.co.rs\/#\/schema\/logo\/image\/"},"sameAs":["https:\/\/www.facebook.com\/doobeokul","https:\/\/www.linkedin.com\/company\/beokul-d-o-o\/"]}]}},"_links":{"self":[{"href":"https:\/\/www.cisterne.co.rs\/index.php\/wp-json\/wp\/v2\/product\/1335","targetHints":{"allow":["GET"]}}],"collection":[{"href":"https:\/\/www.cisterne.co.rs\/index.php\/wp-json\/wp\/v2\/product"}],"about":[{"href":"https:\/\/www.cisterne.co.rs\/index.php\/wp-json\/wp\/v2\/types\/product"}],"replies":[{"embeddable":true,"href":"https:\/\/www.cisterne.co.rs\/index.php\/wp-json\/wp\/v2\/comments?post=1335"}],"wp:featuredmedia":[{"embeddable":true,"href":"https:\/\/www.cisterne.co.rs\/index.php\/wp-json\/wp\/v2\/media\/1486"}],"wp:attachment":[{"href":"https:\/\/www.cisterne.co.rs\/index.php\/wp-json\/wp\/v2\/media?parent=1335"}],"wp:term":[{"taxonomy":"product_brand","embeddable":true,"href":"https:\/\/www.cisterne.co.rs\/index.php\/wp-json\/wp\/v2\/product_brand?post=1335"},{"taxonomy":"product_cat","embeddable":true,"href":"https:\/\/www.cisterne.co.rs\/index.php\/wp-json\/wp\/v2\/product_cat?post=1335"},{"taxonomy":"product_tag","embeddable":true,"href":"https:\/\/www.cisterne.co.rs\/index.php\/wp-json\/wp\/v2\/product_tag?post=1335"}],"curies":[{"name":"wp","href":"https:\/\/api.w.org\/{rel}","templated":true}]}}