{"id":3,"date":"2021-09-01T09:15:59","date_gmt":"2021-09-01T09:15:59","guid":{"rendered":"https:\/\/www.cisterne.co.rs\/?page_id=3"},"modified":"2021-09-21T07:07:06","modified_gmt":"2021-09-21T07:07:06","slug":"privacy-policy","status":"publish","type":"page","link":"https:\/\/www.cisterne.co.rs\/index.php\/privacy-policy\/","title":{"rendered":"Privacy Policy"},"content":{"rendered":"\n<h2 class=\"wp-block-heading\">Ko smo mi<\/h2>\n\n\n\n<p>Beokul DOO, Sime \u0160olaje 21, 25230 Kula doobeokul@gmail.com tel 0601556575 obra\u0111uje va\u0161e podatke o<br>li\u010dnosti u svrhu prijema i obrade Va\u0161ih porud\u017ebina i odgovaranja na pitanja postavljena putem kontakt forme. <\/p>\n\n\n\n<h2 class=\"wp-block-heading\">Vrste podataka o li\u010dnosti koje prikupljamo<\/h2>\n\n\n\n<p>Beokul DOO prikuplja slede\u0107e podatke o li\u010dnosti:<br>Email adresa<br>Ime i prezime<br>Broj telefona<br>Adresa stanovanja<\/p>\n\n\n\n<p><\/p>\n\n\n\n<h2 class=\"wp-block-heading\">Svrha obrade i pravni osnov<\/h2>\n\n\n\n<p>Beokul DOO koristi va\u0161e podatke za slede\u0107e svrhe:<br>Kreiranje korisni\u010dkih naloga<br>Pru\u017eanje osnovnih usluga<br>Komunikacija sa korisnicima<br>Ponude novih proizvoda i usluga<\/p>\n\n\n\n<p>Beokul DOO podatke o li\u010dnosti obra\u0111uje na osnovu slede\u0107eg pravnog osnova:<br>Pristanak<br>Pristanak mo\u017eete povu\u0107i u svakom trenutku.<\/p>\n\n\n\n<h2 class=\"wp-block-heading\">Korisnici podataka<\/h2>\n\n\n\n<p><strong class=\"privacy-policy-tutorial\">ne prosle\u0111uje, ne prodaje, ne iznajmljuje va\u0161e podatke o li\u010dnosti tre\u0107im licima.<\/strong><\/p>\n\n\n\n<h2 class=\"wp-block-heading\">Za\u0161tita podataka<\/h2>\n\n\n\n<p>Beokul DOO \u0161titi va\u0161e podatke kori\u0161\u0107enjem slede\u0107ih mera za\u0161tite:<br>Antivirus za\u0161tita<br>Beokul DOO \u010duva va\u0161e podatke tokom vremenskog perioda &#8211; neograni\u010deno<\/p>\n\n\n\n<h2 class=\"wp-block-heading\">Automatizovano dono\u0161enje odluka i profilisanje<\/h2>\n\n\n\n<p><strong class=\"privacy-policy-tutorial\">Beokul DOO ne vr\u0161i automatizovano dono\u0161enje odluka i profilisanje.<\/strong><\/p>\n\n\n\n<p>Beokul DOO ne vr\u0161i transfer podataka o li\u010dnosti van teritorije Evropske unije.<\/p>\n\n\n\n<p>Beokul DOO ne vr\u0161i transfer podataka o li\u010dnosti van teritorije Republike Srbije.<\/p>\n\n\n\n<h2 class=\"wp-block-heading\">Prava gra\u0111ana<\/h2>\n\n\n\n<p>Imate slede\u0107a prava u vezi sa obradom va\u0161ih podataka o li\u010dnosti:<br>Potvrda da li obra\u0111ujemo va\u0161e podatke o li\u010dnosti;<br>Pristup va\u0161im podacima o li\u010dnosti;<br>Ispravku va\u0161ih podataka o li\u010dnosti u slu\u010daju gre\u0161ke;<br>Brisanje va\u0161ih podataka o li\u010dnosti;<br>Prekid obrade va\u0161ih podataka o li\u010dnosti;<br>Odbijanje da se va\u0161i podaci o li\u010dnosti obra\u0111uju;<br>Prenos podataka o li\u010dnosti kod drugog pru\u017eaoca usluge;<br>U slu\u010daju da se vr\u0161i automatizovana obrada podataka o li\u010dnosti i dono\u0161enje odluka, pravo na ljudsku<br>intervenciju, izra\u017eavanje stava o odluci ili osporavanje odluke.<br>Prava mo\u017eete ostvariti kontaktiranjem Beokul DOO na slede\u0107e na\u010dine:<br>Adresa Sime \u0160olaje 21, 25230 Kula Email  doobeokul@gmail.com   telefon 0601556575<\/p>\n\n\n\n<h2 class=\"wp-block-heading\">Nadle\u017eni organ<\/h2>\n\n\n\n<p>Nadle\u017eni organ za za\u0161titu podataka o li\u010dnosti je Poverenik za informacije od javnog zna\u010daja i za\u0161titu podataka o<br>li\u010dnosti Republike Srbije. Organu se mo\u017eete obratiti na adresi Bulevar kralja Aleksandra 15, 11000 Beograd,<br>Republika Srbija, mejlom na office@poverenik.rs ili telefonom na +381 11 3408 900.<\/p>\n","protected":false},"excerpt":{"rendered":"<p>Ko smo mi Beokul DOO, Sime \u0160olaje 21, 25230 Kula doobeokul@gmail.com tel 0601556575 obra\u0111uje va\u0161e podatke oli\u010dnosti u svrhu prijema i obrade Va\u0161ih porud\u017ebina i odgovaranja na pitanja postavljena putem kontakt forme. Vrste podataka o li\u010dnosti koje prikupljamo Beokul DOO prikuplja slede\u0107e podatke o li\u010dnosti:Email adresaIme i prezimeBroj telefonaAdresa stanovanja Svrha obrade i pravni osnov [&hellip;]<\/p>\n","protected":false},"author":1,"featured_media":0,"parent":0,"menu_order":0,"comment_status":"closed","ping_status":"open","template":"","meta":{"spay_email":"","footnotes":""},"class_list":["post-3","page","type-page","status-publish","hentry"],"yoast_head":"<!-- This site is optimized with the Yoast SEO plugin v27.6 - https:\/\/yoast.com\/product\/yoast-seo-wordpress\/ -->\n<title>Privacy Policy - Beokul doo<\/title>\n<meta name=\"description\" content=\"Beokul doo - Uvoz, prodaja i distribucija novih i kori\u0161\u0107enih IBC kontejnera, buradi i dodatne opreme, PVC slavine, redukcije, kanisteri. Sve za IBC kontejner, najpovoljnije cene i najve\u0107i izbor.\" \/>\n<meta name=\"robots\" content=\"index, follow, max-snippet:-1, max-image-preview:large, max-video-preview:-1\" \/>\n<link rel=\"canonical\" href=\"https:\/\/www.cisterne.co.rs\/index.php\/privacy-policy\/\" \/>\n<meta property=\"og:locale\" content=\"sr_RS\" \/>\n<meta property=\"og:type\" content=\"article\" \/>\n<meta property=\"og:title\" content=\"Privacy Policy - Beokul doo\" \/>\n<meta property=\"og:description\" content=\"Beokul doo - Uvoz, prodaja i distribucija novih i kori\u0161\u0107enih IBC kontejnera, buradi i dodatne opreme, PVC slavine, redukcije, kanisteri. Sve za IBC kontejner, najpovoljnije cene i najve\u0107i izbor.\" \/>\n<meta property=\"og:url\" content=\"https:\/\/www.cisterne.co.rs\/index.php\/privacy-policy\/\" \/>\n<meta property=\"og:site_name\" content=\"Beokul doo\" \/>\n<meta property=\"article:publisher\" content=\"https:\/\/www.facebook.com\/doobeokul\" \/>\n<meta property=\"article:modified_time\" content=\"2021-09-21T07:07:06+00:00\" \/>\n<meta name=\"twitter:card\" content=\"summary_large_image\" \/>\n<meta name=\"twitter:label1\" content=\"Procenjeno vreme \u010ditanja\" \/>\n\t<meta name=\"twitter:data1\" content=\"2 minuta\" \/>\n<script type=\"application\/ld+json\" class=\"yoast-schema-graph\">{\"@context\":\"https:\\\/\\\/schema.org\",\"@graph\":[{\"@type\":\"WebPage\",\"@id\":\"https:\\\/\\\/www.cisterne.co.rs\\\/index.php\\\/privacy-policy\\\/\",\"url\":\"https:\\\/\\\/www.cisterne.co.rs\\\/index.php\\\/privacy-policy\\\/\",\"name\":\"Privacy Policy - Beokul doo\",\"isPartOf\":{\"@id\":\"https:\\\/\\\/www.cisterne.co.rs\\\/#website\"},\"datePublished\":\"2021-09-01T09:15:59+00:00\",\"dateModified\":\"2021-09-21T07:07:06+00:00\",\"description\":\"Beokul doo - Uvoz, prodaja i distribucija novih i kori\u0161\u0107enih IBC kontejnera, buradi i dodatne opreme, PVC slavine, redukcije, kanisteri. Sve za IBC kontejner, najpovoljnije cene i najve\u0107i izbor.\",\"breadcrumb\":{\"@id\":\"https:\\\/\\\/www.cisterne.co.rs\\\/index.php\\\/privacy-policy\\\/#breadcrumb\"},\"inLanguage\":\"sr-RS\",\"potentialAction\":[{\"@type\":\"ReadAction\",\"target\":[\"https:\\\/\\\/www.cisterne.co.rs\\\/index.php\\\/privacy-policy\\\/\"]}]},{\"@type\":\"BreadcrumbList\",\"@id\":\"https:\\\/\\\/www.cisterne.co.rs\\\/index.php\\\/privacy-policy\\\/#breadcrumb\",\"itemListElement\":[{\"@type\":\"ListItem\",\"position\":1,\"name\":\"Po\u010detna\",\"item\":\"https:\\\/\\\/www.cisterne.co.rs\\\/\"},{\"@type\":\"ListItem\",\"position\":2,\"name\":\"Privacy Policy\"}]},{\"@type\":\"WebSite\",\"@id\":\"https:\\\/\\\/www.cisterne.co.rs\\\/#website\",\"url\":\"https:\\\/\\\/www.cisterne.co.rs\\\/\",\"name\":\"Beokul doo\",\"description\":\"Uvoz i prodaja novih i polovnih IBC kontejnera\",\"publisher\":{\"@id\":\"https:\\\/\\\/www.cisterne.co.rs\\\/#organization\"},\"potentialAction\":[{\"@type\":\"SearchAction\",\"target\":{\"@type\":\"EntryPoint\",\"urlTemplate\":\"https:\\\/\\\/www.cisterne.co.rs\\\/?s={search_term_string}\"},\"query-input\":{\"@type\":\"PropertyValueSpecification\",\"valueRequired\":true,\"valueName\":\"search_term_string\"}}],\"inLanguage\":\"sr-RS\"},{\"@type\":\"Organization\",\"@id\":\"https:\\\/\\\/www.cisterne.co.rs\\\/#organization\",\"name\":\"Beokul doo Kula\",\"url\":\"https:\\\/\\\/www.cisterne.co.rs\\\/\",\"logo\":{\"@type\":\"ImageObject\",\"inLanguage\":\"sr-RS\",\"@id\":\"https:\\\/\\\/www.cisterne.co.rs\\\/#\\\/schema\\\/logo\\\/image\\\/\",\"url\":\"https:\\\/\\\/www.cisterne.co.rs\\\/wp-content\\\/uploads\\\/2021\\\/09\\\/cropped-Logo-beokul-1.png\",\"contentUrl\":\"https:\\\/\\\/www.cisterne.co.rs\\\/wp-content\\\/uploads\\\/2021\\\/09\\\/cropped-Logo-beokul-1.png\",\"width\":535,\"height\":198,\"caption\":\"Beokul doo Kula\"},\"image\":{\"@id\":\"https:\\\/\\\/www.cisterne.co.rs\\\/#\\\/schema\\\/logo\\\/image\\\/\"},\"sameAs\":[\"https:\\\/\\\/www.facebook.com\\\/doobeokul\",\"https:\\\/\\\/www.linkedin.com\\\/company\\\/beokul-d-o-o\\\/\"]}]}<\/script>\n<!-- \/ Yoast SEO plugin. -->","yoast_head_json":{"title":"Privacy Policy - Beokul doo","description":"Beokul doo - Uvoz, prodaja i distribucija novih i kori\u0161\u0107enih IBC kontejnera, buradi i dodatne opreme, PVC slavine, redukcije, kanisteri. Sve za IBC kontejner, najpovoljnije cene i najve\u0107i izbor.","robots":{"index":"index","follow":"follow","max-snippet":"max-snippet:-1","max-image-preview":"max-image-preview:large","max-video-preview":"max-video-preview:-1"},"canonical":"https:\/\/www.cisterne.co.rs\/index.php\/privacy-policy\/","og_locale":"sr_RS","og_type":"article","og_title":"Privacy Policy - Beokul doo","og_description":"Beokul doo - Uvoz, prodaja i distribucija novih i kori\u0161\u0107enih IBC kontejnera, buradi i dodatne opreme, PVC slavine, redukcije, kanisteri. Sve za IBC kontejner, najpovoljnije cene i najve\u0107i izbor.","og_url":"https:\/\/www.cisterne.co.rs\/index.php\/privacy-policy\/","og_site_name":"Beokul doo","article_publisher":"https:\/\/www.facebook.com\/doobeokul","article_modified_time":"2021-09-21T07:07:06+00:00","twitter_card":"summary_large_image","twitter_misc":{"Procenjeno vreme \u010ditanja":"2 minuta"},"schema":{"@context":"https:\/\/schema.org","@graph":[{"@type":"WebPage","@id":"https:\/\/www.cisterne.co.rs\/index.php\/privacy-policy\/","url":"https:\/\/www.cisterne.co.rs\/index.php\/privacy-policy\/","name":"Privacy Policy - Beokul doo","isPartOf":{"@id":"https:\/\/www.cisterne.co.rs\/#website"},"datePublished":"2021-09-01T09:15:59+00:00","dateModified":"2021-09-21T07:07:06+00:00","description":"Beokul doo - Uvoz, prodaja i distribucija novih i kori\u0161\u0107enih IBC kontejnera, buradi i dodatne opreme, PVC slavine, redukcije, kanisteri. Sve za IBC kontejner, najpovoljnije cene i najve\u0107i izbor.","breadcrumb":{"@id":"https:\/\/www.cisterne.co.rs\/index.php\/privacy-policy\/#breadcrumb"},"inLanguage":"sr-RS","potentialAction":[{"@type":"ReadAction","target":["https:\/\/www.cisterne.co.rs\/index.php\/privacy-policy\/"]}]},{"@type":"BreadcrumbList","@id":"https:\/\/www.cisterne.co.rs\/index.php\/privacy-policy\/#breadcrumb","itemListElement":[{"@type":"ListItem","position":1,"name":"Po\u010detna","item":"https:\/\/www.cisterne.co.rs\/"},{"@type":"ListItem","position":2,"name":"Privacy Policy"}]},{"@type":"WebSite","@id":"https:\/\/www.cisterne.co.rs\/#website","url":"https:\/\/www.cisterne.co.rs\/","name":"Beokul doo","description":"Uvoz i prodaja novih i polovnih IBC kontejnera","publisher":{"@id":"https:\/\/www.cisterne.co.rs\/#organization"},"potentialAction":[{"@type":"SearchAction","target":{"@type":"EntryPoint","urlTemplate":"https:\/\/www.cisterne.co.rs\/?s={search_term_string}"},"query-input":{"@type":"PropertyValueSpecification","valueRequired":true,"valueName":"search_term_string"}}],"inLanguage":"sr-RS"},{"@type":"Organization","@id":"https:\/\/www.cisterne.co.rs\/#organization","name":"Beokul doo Kula","url":"https:\/\/www.cisterne.co.rs\/","logo":{"@type":"ImageObject","inLanguage":"sr-RS","@id":"https:\/\/www.cisterne.co.rs\/#\/schema\/logo\/image\/","url":"https:\/\/www.cisterne.co.rs\/wp-content\/uploads\/2021\/09\/cropped-Logo-beokul-1.png","contentUrl":"https:\/\/www.cisterne.co.rs\/wp-content\/uploads\/2021\/09\/cropped-Logo-beokul-1.png","width":535,"height":198,"caption":"Beokul doo Kula"},"image":{"@id":"https:\/\/www.cisterne.co.rs\/#\/schema\/logo\/image\/"},"sameAs":["https:\/\/www.facebook.com\/doobeokul","https:\/\/www.linkedin.com\/company\/beokul-d-o-o\/"]}]}},"_links":{"self":[{"href":"https:\/\/www.cisterne.co.rs\/index.php\/wp-json\/wp\/v2\/pages\/3","targetHints":{"allow":["GET"]}}],"collection":[{"href":"https:\/\/www.cisterne.co.rs\/index.php\/wp-json\/wp\/v2\/pages"}],"about":[{"href":"https:\/\/www.cisterne.co.rs\/index.php\/wp-json\/wp\/v2\/types\/page"}],"author":[{"embeddable":true,"href":"https:\/\/www.cisterne.co.rs\/index.php\/wp-json\/wp\/v2\/users\/1"}],"replies":[{"embeddable":true,"href":"https:\/\/www.cisterne.co.rs\/index.php\/wp-json\/wp\/v2\/comments?post=3"}],"version-history":[{"count":1,"href":"https:\/\/www.cisterne.co.rs\/index.php\/wp-json\/wp\/v2\/pages\/3\/revisions"}],"predecessor-version":[{"id":351,"href":"https:\/\/www.cisterne.co.rs\/index.php\/wp-json\/wp\/v2\/pages\/3\/revisions\/351"}],"wp:attachment":[{"href":"https:\/\/www.cisterne.co.rs\/index.php\/wp-json\/wp\/v2\/media?parent=3"}],"curies":[{"name":"wp","href":"https:\/\/api.w.org\/{rel}","templated":true}]}}