{"id":168,"date":"2021-09-01T13:10:15","date_gmt":"2021-09-01T13:10:15","guid":{"rendered":"https:\/\/www.cisterne.co.rs\/?page_id=168"},"modified":"2023-12-25T09:20:53","modified_gmt":"2023-12-25T09:20:53","slug":"galerija","status":"publish","type":"page","link":"https:\/\/www.cisterne.co.rs\/index.php\/galerija\/","title":{"rendered":"IBC kontejneri"},"content":{"rendered":"\r\n<p>Beokul doo posluje od 1998 godine. Ima vi\u0161egodi\u0161nje iskustvo u uvozu, prodaji novih i kori\u0161\u0107enih IBC kontejnera, otkupu i reparaciji istih za dalju upotrebu.<\/p>\r\n<h2>SIGURNOST I KVALITET<\/h2>\r\n<p><br \/>Dugogodi\u0161nji uvoznik novih IBC kontejnera i dodatne opreme. Novi IBC kontejneri poseduju Sertifikat o zdravstvenoj ispravnosti koji Vam garantuje da \u0107e supstance koje skladi\u0161tite biti bezbedne od svih bakteriolo\u0161kih uticaja. IBC kontejneri se sastoje od posude \u2013 bidona (HDPE plastika), pocinkovanog kaveza koji \u0161titi cisternu od spoljnih i fizi\u010dkih o\u0161te\u0107enja i odgovaraju\u0107e palete koja omogu\u0107ava brzo, jednostavno i sigurno manipulisanje i transport.<\/p>\r\n\r\n\r\n\r\n<p>IBC kontejneri su hemijski otporni sudovi u \u010deli\u010dnom kavezu opremljeni standardnim poklopcem 150 ili 250 mm. Cisterne su na paletama. Rupe na otvoru su opremljene leptir slavinom promera DN 50 ili DN 100. Pogodni su za skladi\u0161tenje te\u010dnih sirovina i gotovih proizvoda za hemijsku, petrohemijsku, kozmeti\u010dku, lakirnu i prehrambenu industriju.<\/p>\r\n\r\n\r\n\r\n\r\n\r\n<p>Materijal: Plastika PE HD 2<br \/>Kavez: pocinkovani<br \/>Dimenzije: 120x100x117cm<br \/>Kapacitet: 1000lit\/1650kg<\/p>\r\n<h2>OPERATER ZA TRETMAN AMBALA\u017dNOG OTPADA<\/h2>\r\n<p>U skladu sa izdatom integralnom dozvolom za tretman i skladi\u0161tenje neopasnog otpada i u okviru propisa izvr\u0161avamo odgovaraju\u0107e tretmane nad plasti\u010dnom ambala\u017eom \u010dime se navedena ambala\u017ea vra\u0107a u adekvatno stanje za ponovnu upotrebu. Pod tretmanom se podrazumeva detaljno pranje i ispiranje hladnom i toplom vodom pod pritiskom, uz upotrebu odgovaraju\u0107ih sredstava za uklanjanje svih prethodnih supstanci koje su prvobitno bile skladi\u0161tene u cisternama. Tretman obuhvata kompletnu proveru IBC kontejnera \u010dime se obezbe\u0111uje da nemaju fizi\u010dkih o\u0161te\u0107enja. Reparirani i temeljno o\u010di\u0161\u0107eni IBC kontejneri su u potpunosti spremni za dalju upotrebu i kori\u0161\u0107enje u svrhu skladi\u0161tenja svih vrsta te\u010dnosti i rasutog tereta.<\/p>\r\n<h3>25 godina uspe\u0161nog poslovanja, 3500 m2 skladi\u0161nog prostora i preko 500 zadovoljnih klijenata govore za nas.\u00a0<\/h3>\r\n<p><br \/><br \/>Za sve upite u vezi poslovne saradnje mo\u017eete nas <a href=\"https:\/\/www.cisterne.co.rs\/index.php\/contacts\/\" target=\"_blank\" rel=\"noopener\">kontaktirati<\/a> putem telefona +381601556575 i +381603301001. Sve upite mo\u017eete poslati na mail doobeokul@gmail.com i bi\u0107e Vam odgovoreno u najkra\u0107em roku.<\/p>\r\n<p>&nbsp;<\/p>\r\n\r\n\r\n\r\n<div class=\"wp-block-columns is-layout-flex wp-container-core-columns-is-layout-9d6595d7 wp-block-columns-is-layout-flex\">\r\n<div class=\"wp-block-column is-layout-flow wp-block-column-is-layout-flow\" style=\"flex-basis: 100%;\">\r\n<figure class=\"wp-block-gallery columns-5 is-cropped wp-block-gallery-1 is-layout-flex wp-block-gallery-is-layout-flex\">\r\n<figure><\/figure>\r\n<div id='gallery-1' class='gallery galleryid-168 gallery-columns-3 gallery-size-thumbnail'><figure class='gallery-item'>\n\t\t\t<div class='gallery-icon landscape'>\n\t\t\t\t<a href='https:\/\/www.cisterne.co.rs\/wp-content\/uploads\/2021\/09\/2019-09-28.jpg'><img loading=\"lazy\" decoding=\"async\" width=\"150\" height=\"150\" src=\"https:\/\/www.cisterne.co.rs\/wp-content\/uploads\/2021\/09\/2019-09-28-150x150.jpg\" class=\"attachment-thumbnail size-thumbnail\" alt=\"IBC cisterne, IBC kontejner, IBC rezervoar, kocka za vodu\" srcset=\"https:\/\/www.cisterne.co.rs\/wp-content\/uploads\/2021\/09\/2019-09-28-150x150.jpg 150w, https:\/\/www.cisterne.co.rs\/wp-content\/uploads\/2021\/09\/2019-09-28-324x324.jpg 324w, https:\/\/www.cisterne.co.rs\/wp-content\/uploads\/2021\/09\/2019-09-28-100x100.jpg 100w\" sizes=\"auto, (max-width: 150px) 100vw, 150px\" \/><\/a>\n\t\t\t<\/div><\/figure><figure class='gallery-item'>\n\t\t\t<div class='gallery-icon portrait'>\n\t\t\t\t<a href='https:\/\/www.cisterne.co.rs\/wp-content\/uploads\/2021\/09\/20210616_120619_resized-1-scaled.jpg'><img loading=\"lazy\" decoding=\"async\" width=\"150\" height=\"150\" src=\"https:\/\/www.cisterne.co.rs\/wp-content\/uploads\/2021\/09\/20210616_120619_resized-1-150x150.jpg\" class=\"attachment-thumbnail size-thumbnail\" alt=\"IBC cisterne, IBC kontejner, IBC rezervoar, kocka za vodu\" srcset=\"https:\/\/www.cisterne.co.rs\/wp-content\/uploads\/2021\/09\/20210616_120619_resized-1-150x150.jpg 150w, https:\/\/www.cisterne.co.rs\/wp-content\/uploads\/2021\/09\/20210616_120619_resized-1-324x324.jpg 324w, https:\/\/www.cisterne.co.rs\/wp-content\/uploads\/2021\/09\/20210616_120619_resized-1-100x100.jpg 100w\" sizes=\"auto, (max-width: 150px) 100vw, 150px\" \/><\/a>\n\t\t\t<\/div><\/figure><figure class='gallery-item'>\n\t\t\t<div class='gallery-icon landscape'>\n\t\t\t\t<a href='https:\/\/www.cisterne.co.rs\/wp-content\/uploads\/2021\/09\/1907084832-1087003641.jpg'><img loading=\"lazy\" decoding=\"async\" width=\"150\" height=\"150\" src=\"https:\/\/www.cisterne.co.rs\/wp-content\/uploads\/2021\/09\/1907084832-1087003641-150x150.jpg\" class=\"attachment-thumbnail size-thumbnail\" alt=\"IBC cisterne, IBC kontejner, IBC rezervoar, kocka za vodu\" srcset=\"https:\/\/www.cisterne.co.rs\/wp-content\/uploads\/2021\/09\/1907084832-1087003641-150x150.jpg 150w, https:\/\/www.cisterne.co.rs\/wp-content\/uploads\/2021\/09\/1907084832-1087003641-300x300.jpg 300w, https:\/\/www.cisterne.co.rs\/wp-content\/uploads\/2021\/09\/1907084832-1087003641-768x768.jpg 768w, https:\/\/www.cisterne.co.rs\/wp-content\/uploads\/2021\/09\/1907084832-1087003641-324x324.jpg 324w, https:\/\/www.cisterne.co.rs\/wp-content\/uploads\/2021\/09\/1907084832-1087003641-416x416.jpg 416w, https:\/\/www.cisterne.co.rs\/wp-content\/uploads\/2021\/09\/1907084832-1087003641-100x100.jpg 100w, https:\/\/www.cisterne.co.rs\/wp-content\/uploads\/2021\/09\/1907084832-1087003641.jpg 960w\" sizes=\"auto, (max-width: 150px) 100vw, 150px\" \/><\/a>\n\t\t\t<\/div><\/figure><figure class='gallery-item'>\n\t\t\t<div class='gallery-icon landscape'>\n\t\t\t\t<a href='https:\/\/www.cisterne.co.rs\/wp-content\/uploads\/2021\/09\/ibc-big.jpg'><img loading=\"lazy\" decoding=\"async\" width=\"150\" height=\"150\" src=\"https:\/\/www.cisterne.co.rs\/wp-content\/uploads\/2021\/09\/ibc-big-150x150.jpg\" class=\"attachment-thumbnail size-thumbnail\" alt=\"IBC cisterne, IBC kontejner, IBC rezervoar, kocka za vodu\" srcset=\"https:\/\/www.cisterne.co.rs\/wp-content\/uploads\/2021\/09\/ibc-big-150x150.jpg 150w, https:\/\/www.cisterne.co.rs\/wp-content\/uploads\/2021\/09\/ibc-big-300x300.jpg 300w, https:\/\/www.cisterne.co.rs\/wp-content\/uploads\/2021\/09\/ibc-big-324x324.jpg 324w, https:\/\/www.cisterne.co.rs\/wp-content\/uploads\/2021\/09\/ibc-big-416x416.jpg 416w, https:\/\/www.cisterne.co.rs\/wp-content\/uploads\/2021\/09\/ibc-big-100x100.jpg 100w, https:\/\/www.cisterne.co.rs\/wp-content\/uploads\/2021\/09\/ibc-big.jpg 500w\" sizes=\"auto, (max-width: 150px) 100vw, 150px\" \/><\/a>\n\t\t\t<\/div><\/figure><figure class='gallery-item'>\n\t\t\t<div class='gallery-icon landscape'>\n\t\t\t\t<a href='https:\/\/www.cisterne.co.rs\/wp-content\/uploads\/2021\/09\/IMG-45d7520bc0cb5812b2cfa3600c529764-V.jpg'><img loading=\"lazy\" decoding=\"async\" width=\"150\" height=\"150\" src=\"https:\/\/www.cisterne.co.rs\/wp-content\/uploads\/2021\/09\/IMG-45d7520bc0cb5812b2cfa3600c529764-V-150x150.jpg\" class=\"attachment-thumbnail size-thumbnail\" alt=\"IBC cisterne, IBC kontejner, IBC rezervoar, kocka za vodu\" srcset=\"https:\/\/www.cisterne.co.rs\/wp-content\/uploads\/2021\/09\/IMG-45d7520bc0cb5812b2cfa3600c529764-V-150x150.jpg 150w, https:\/\/www.cisterne.co.rs\/wp-content\/uploads\/2021\/09\/IMG-45d7520bc0cb5812b2cfa3600c529764-V-324x324.jpg 324w, https:\/\/www.cisterne.co.rs\/wp-content\/uploads\/2021\/09\/IMG-45d7520bc0cb5812b2cfa3600c529764-V-100x100.jpg 100w\" sizes=\"auto, (max-width: 150px) 100vw, 150px\" \/><\/a>\n\t\t\t<\/div><\/figure><figure class='gallery-item'>\n\t\t\t<div class='gallery-icon landscape'>\n\t\t\t\t<a href='https:\/\/www.cisterne.co.rs\/wp-content\/uploads\/2021\/09\/Screenshot_20210803-180444_AliExpress.jpg'><img loading=\"lazy\" decoding=\"async\" width=\"150\" height=\"150\" src=\"https:\/\/www.cisterne.co.rs\/wp-content\/uploads\/2021\/09\/Screenshot_20210803-180444_AliExpress-150x150.jpg\" class=\"attachment-thumbnail size-thumbnail\" alt=\"IBC cisterne, IBC kontejner, IBC rezervoar, kocka za vodu\" srcset=\"https:\/\/www.cisterne.co.rs\/wp-content\/uploads\/2021\/09\/Screenshot_20210803-180444_AliExpress-150x150.jpg 150w, https:\/\/www.cisterne.co.rs\/wp-content\/uploads\/2021\/09\/Screenshot_20210803-180444_AliExpress-324x324.jpg 324w, https:\/\/www.cisterne.co.rs\/wp-content\/uploads\/2021\/09\/Screenshot_20210803-180444_AliExpress-100x100.jpg 100w\" sizes=\"auto, (max-width: 150px) 100vw, 150px\" \/><\/a>\n\t\t\t<\/div><\/figure><figure class='gallery-item'>\n\t\t\t<div class='gallery-icon landscape'>\n\t\t\t\t<a href='https:\/\/www.cisterne.co.rs\/wp-content\/uploads\/2021\/09\/Novi-Ibc-kontejneri-lager-robe-2.jpg'><img loading=\"lazy\" decoding=\"async\" width=\"150\" height=\"150\" src=\"https:\/\/www.cisterne.co.rs\/wp-content\/uploads\/2021\/09\/Novi-Ibc-kontejneri-lager-robe-2-150x150.jpg\" class=\"attachment-thumbnail size-thumbnail\" alt=\"IBC cisterne, IBC kontejner, IBC rezervoar, kocka za vodu\" srcset=\"https:\/\/www.cisterne.co.rs\/wp-content\/uploads\/2021\/09\/Novi-Ibc-kontejneri-lager-robe-2-150x150.jpg 150w, https:\/\/www.cisterne.co.rs\/wp-content\/uploads\/2021\/09\/Novi-Ibc-kontejneri-lager-robe-2-324x324.jpg 324w, https:\/\/www.cisterne.co.rs\/wp-content\/uploads\/2021\/09\/Novi-Ibc-kontejneri-lager-robe-2-100x100.jpg 100w\" sizes=\"auto, (max-width: 150px) 100vw, 150px\" \/><\/a>\n\t\t\t<\/div><\/figure><figure class='gallery-item'>\n\t\t\t<div class='gallery-icon landscape'>\n\t\t\t\t<a href='https:\/\/www.cisterne.co.rs\/wp-content\/uploads\/2021\/09\/Korisceni-Ibc-kontejneri-lager-1-1.jpg'><img loading=\"lazy\" decoding=\"async\" width=\"150\" height=\"150\" src=\"https:\/\/www.cisterne.co.rs\/wp-content\/uploads\/2021\/09\/Korisceni-Ibc-kontejneri-lager-1-1-150x150.jpg\" class=\"attachment-thumbnail size-thumbnail\" alt=\"IBC cisterne, IBC kontejner, IBC rezervoar, kocka za vodu\" srcset=\"https:\/\/www.cisterne.co.rs\/wp-content\/uploads\/2021\/09\/Korisceni-Ibc-kontejneri-lager-1-1-150x150.jpg 150w, https:\/\/www.cisterne.co.rs\/wp-content\/uploads\/2021\/09\/Korisceni-Ibc-kontejneri-lager-1-1-324x324.jpg 324w, https:\/\/www.cisterne.co.rs\/wp-content\/uploads\/2021\/09\/Korisceni-Ibc-kontejneri-lager-1-1-100x100.jpg 100w\" sizes=\"auto, (max-width: 150px) 100vw, 150px\" \/><\/a>\n\t\t\t<\/div><\/figure><figure class='gallery-item'>\n\t\t\t<div class='gallery-icon landscape'>\n\t\t\t\t<a href='https:\/\/www.cisterne.co.rs\/wp-content\/uploads\/2021\/09\/IMG_20200901_105939-2-scaled.jpg'><img loading=\"lazy\" decoding=\"async\" width=\"150\" height=\"150\" src=\"https:\/\/www.cisterne.co.rs\/wp-content\/uploads\/2021\/09\/IMG_20200901_105939-2-150x150.jpg\" class=\"attachment-thumbnail size-thumbnail\" alt=\"IBC cisterne, IBC kontejner, IBC rezervoar, kocka za vodu\" srcset=\"https:\/\/www.cisterne.co.rs\/wp-content\/uploads\/2021\/09\/IMG_20200901_105939-2-150x150.jpg 150w, https:\/\/www.cisterne.co.rs\/wp-content\/uploads\/2021\/09\/IMG_20200901_105939-2-324x324.jpg 324w, https:\/\/www.cisterne.co.rs\/wp-content\/uploads\/2021\/09\/IMG_20200901_105939-2-100x100.jpg 100w\" sizes=\"auto, (max-width: 150px) 100vw, 150px\" \/><\/a>\n\t\t\t<\/div><\/figure><figure class='gallery-item'>\n\t\t\t<div class='gallery-icon landscape'>\n\t\t\t\t<a href='https:\/\/www.cisterne.co.rs\/wp-content\/uploads\/2021\/09\/IMG_20191128_190723-2.jpg'><img loading=\"lazy\" decoding=\"async\" width=\"150\" height=\"150\" src=\"https:\/\/www.cisterne.co.rs\/wp-content\/uploads\/2021\/09\/IMG_20191128_190723-2-150x150.jpg\" class=\"attachment-thumbnail size-thumbnail\" alt=\"IBC cisterne, IBC kontejner, IBC rezervoar, kocka za vodu\" srcset=\"https:\/\/www.cisterne.co.rs\/wp-content\/uploads\/2021\/09\/IMG_20191128_190723-2-150x150.jpg 150w, https:\/\/www.cisterne.co.rs\/wp-content\/uploads\/2021\/09\/IMG_20191128_190723-2-100x100.jpg 100w\" sizes=\"auto, (max-width: 150px) 100vw, 150px\" \/><\/a>\n\t\t\t<\/div><\/figure><figure class='gallery-item'>\n\t\t\t<div class='gallery-icon landscape'>\n\t\t\t\t<a href='https:\/\/www.cisterne.co.rs\/wp-content\/uploads\/2021\/09\/IMG_20200901_105939-scaled.jpg'><img loading=\"lazy\" decoding=\"async\" width=\"150\" height=\"150\" src=\"https:\/\/www.cisterne.co.rs\/wp-content\/uploads\/2021\/09\/IMG_20200901_105939-150x150.jpg\" class=\"attachment-thumbnail size-thumbnail\" alt=\"IBC cisterne, IBC kontejner, IBC rezervoar, kocka za vodu\" srcset=\"https:\/\/www.cisterne.co.rs\/wp-content\/uploads\/2021\/09\/IMG_20200901_105939-150x150.jpg 150w, https:\/\/www.cisterne.co.rs\/wp-content\/uploads\/2021\/09\/IMG_20200901_105939-scaled-324x324.jpg 324w, https:\/\/www.cisterne.co.rs\/wp-content\/uploads\/2021\/09\/IMG_20200901_105939-scaled-100x100.jpg 100w, https:\/\/www.cisterne.co.rs\/wp-content\/uploads\/2021\/09\/IMG_20200901_105939-53x53.jpg 53w\" sizes=\"auto, (max-width: 150px) 100vw, 150px\" \/><\/a>\n\t\t\t<\/div><\/figure><figure class='gallery-item'>\n\t\t\t<div class='gallery-icon portrait'>\n\t\t\t\t<a href='https:\/\/www.cisterne.co.rs\/wp-content\/uploads\/2021\/09\/IMG_20191223_145357_resized_20191225_103218155-1.jpg'><img loading=\"lazy\" decoding=\"async\" width=\"150\" height=\"150\" src=\"https:\/\/www.cisterne.co.rs\/wp-content\/uploads\/2021\/09\/IMG_20191223_145357_resized_20191225_103218155-1-150x150.jpg\" class=\"attachment-thumbnail size-thumbnail\" alt=\"IBC cisterne, IBC kontejner, IBC rezervoar, kocka za vodu\" srcset=\"https:\/\/www.cisterne.co.rs\/wp-content\/uploads\/2021\/09\/IMG_20191223_145357_resized_20191225_103218155-1-150x150.jpg 150w, https:\/\/www.cisterne.co.rs\/wp-content\/uploads\/2021\/09\/IMG_20191223_145357_resized_20191225_103218155-1-324x324.jpg 324w, https:\/\/www.cisterne.co.rs\/wp-content\/uploads\/2021\/09\/IMG_20191223_145357_resized_20191225_103218155-1-100x100.jpg 100w, https:\/\/www.cisterne.co.rs\/wp-content\/uploads\/2021\/09\/IMG_20191223_145357_resized_20191225_103218155-1-53x53.jpg 53w\" sizes=\"auto, (max-width: 150px) 100vw, 150px\" \/><\/a>\n\t\t\t<\/div><\/figure>\n\t\t<\/div>\n\r\n<figure><\/figure>\r\n<\/figure>\r\n<\/div>\r\n<\/div>\r\n\r\n\r\n","protected":false},"excerpt":{"rendered":"<p>Beokul doo posluje od 1998 godine. Ima vi\u0161egodi\u0161nje iskustvo u uvozu, prodaji novih i kori\u0161\u0107enih IBC kontejnera, otkupu i reparaciji istih za dalju upotrebu. SIGURNOST I KVALITET Dugogodi\u0161nji uvoznik novih IBC kontejnera i dodatne opreme. Novi IBC kontejneri poseduju Sertifikat o zdravstvenoj ispravnosti koji Vam garantuje da \u0107e supstance koje skladi\u0161tite biti bezbedne od svih [&hellip;]<\/p>\n","protected":false},"author":1,"featured_media":0,"parent":0,"menu_order":0,"comment_status":"closed","ping_status":"closed","template":"","meta":{"spay_email":"","footnotes":""},"class_list":["post-168","page","type-page","status-publish","hentry"],"yoast_head":"<!-- This site is optimized with the Yoast SEO plugin v27.6 - https:\/\/yoast.com\/product\/yoast-seo-wordpress\/ -->\n<title>IBC kontejneri - Beokul doo<\/title>\n<meta name=\"description\" content=\"Beokul doo - Uvoz, prodaja i distribucija novih i kori\u0161\u0107enih IBC kontejnera, buradi i dodatne opreme - IBC cisterne - redukcije - slavine\" \/>\n<meta name=\"robots\" content=\"index, follow, max-snippet:-1, max-image-preview:large, max-video-preview:-1\" \/>\n<link rel=\"canonical\" href=\"https:\/\/www.cisterne.co.rs\/index.php\/galerija\/\" \/>\n<meta property=\"og:locale\" content=\"sr_RS\" \/>\n<meta property=\"og:type\" content=\"article\" \/>\n<meta property=\"og:title\" content=\"IBC kontejneri - Beokul doo\" \/>\n<meta property=\"og:description\" content=\"Beokul doo - Uvoz, prodaja i distribucija novih i kori\u0161\u0107enih IBC kontejnera, buradi i dodatne opreme - IBC cisterne - redukcije - slavine\" \/>\n<meta property=\"og:url\" content=\"https:\/\/www.cisterne.co.rs\/index.php\/galerija\/\" \/>\n<meta property=\"og:site_name\" content=\"Beokul doo\" \/>\n<meta property=\"article:publisher\" content=\"https:\/\/www.facebook.com\/doobeokul\" \/>\n<meta property=\"article:modified_time\" content=\"2023-12-25T09:20:53+00:00\" \/>\n<meta property=\"og:image\" content=\"https:\/\/www.cisterne.co.rs\/wp-content\/uploads\/2021\/09\/2019-09-28-150x150.jpg\" \/>\n<meta name=\"twitter:card\" content=\"summary_large_image\" \/>\n<meta name=\"twitter:label1\" content=\"Procenjeno vreme \u010ditanja\" \/>\n\t<meta name=\"twitter:data1\" content=\"1 minut\" \/>\n<script type=\"application\/ld+json\" class=\"yoast-schema-graph\">{\"@context\":\"https:\\\/\\\/schema.org\",\"@graph\":[{\"@type\":\"WebPage\",\"@id\":\"https:\\\/\\\/www.cisterne.co.rs\\\/index.php\\\/galerija\\\/\",\"url\":\"https:\\\/\\\/www.cisterne.co.rs\\\/index.php\\\/galerija\\\/\",\"name\":\"IBC kontejneri - Beokul doo\",\"isPartOf\":{\"@id\":\"https:\\\/\\\/www.cisterne.co.rs\\\/#website\"},\"datePublished\":\"2021-09-01T13:10:15+00:00\",\"dateModified\":\"2023-12-25T09:20:53+00:00\",\"description\":\"Beokul doo - Uvoz, prodaja i distribucija novih i kori\u0161\u0107enih IBC kontejnera, buradi i dodatne opreme - IBC cisterne - redukcije - slavine\",\"breadcrumb\":{\"@id\":\"https:\\\/\\\/www.cisterne.co.rs\\\/index.php\\\/galerija\\\/#breadcrumb\"},\"inLanguage\":\"sr-RS\",\"potentialAction\":[{\"@type\":\"ReadAction\",\"target\":[\"https:\\\/\\\/www.cisterne.co.rs\\\/index.php\\\/galerija\\\/\"]}]},{\"@type\":\"BreadcrumbList\",\"@id\":\"https:\\\/\\\/www.cisterne.co.rs\\\/index.php\\\/galerija\\\/#breadcrumb\",\"itemListElement\":[{\"@type\":\"ListItem\",\"position\":1,\"name\":\"Po\u010detna\",\"item\":\"https:\\\/\\\/www.cisterne.co.rs\\\/\"},{\"@type\":\"ListItem\",\"position\":2,\"name\":\"IBC kontejneri\"}]},{\"@type\":\"WebSite\",\"@id\":\"https:\\\/\\\/www.cisterne.co.rs\\\/#website\",\"url\":\"https:\\\/\\\/www.cisterne.co.rs\\\/\",\"name\":\"Beokul doo\",\"description\":\"Uvoz i prodaja novih i polovnih IBC kontejnera\",\"publisher\":{\"@id\":\"https:\\\/\\\/www.cisterne.co.rs\\\/#organization\"},\"potentialAction\":[{\"@type\":\"SearchAction\",\"target\":{\"@type\":\"EntryPoint\",\"urlTemplate\":\"https:\\\/\\\/www.cisterne.co.rs\\\/?s={search_term_string}\"},\"query-input\":{\"@type\":\"PropertyValueSpecification\",\"valueRequired\":true,\"valueName\":\"search_term_string\"}}],\"inLanguage\":\"sr-RS\"},{\"@type\":\"Organization\",\"@id\":\"https:\\\/\\\/www.cisterne.co.rs\\\/#organization\",\"name\":\"Beokul doo Kula\",\"url\":\"https:\\\/\\\/www.cisterne.co.rs\\\/\",\"logo\":{\"@type\":\"ImageObject\",\"inLanguage\":\"sr-RS\",\"@id\":\"https:\\\/\\\/www.cisterne.co.rs\\\/#\\\/schema\\\/logo\\\/image\\\/\",\"url\":\"https:\\\/\\\/www.cisterne.co.rs\\\/wp-content\\\/uploads\\\/2021\\\/09\\\/cropped-Logo-beokul-1.png\",\"contentUrl\":\"https:\\\/\\\/www.cisterne.co.rs\\\/wp-content\\\/uploads\\\/2021\\\/09\\\/cropped-Logo-beokul-1.png\",\"width\":535,\"height\":198,\"caption\":\"Beokul doo Kula\"},\"image\":{\"@id\":\"https:\\\/\\\/www.cisterne.co.rs\\\/#\\\/schema\\\/logo\\\/image\\\/\"},\"sameAs\":[\"https:\\\/\\\/www.facebook.com\\\/doobeokul\",\"https:\\\/\\\/www.linkedin.com\\\/company\\\/beokul-d-o-o\\\/\"]}]}<\/script>\n<!-- \/ Yoast SEO plugin. -->","yoast_head_json":{"title":"IBC kontejneri - Beokul doo","description":"Beokul doo - Uvoz, prodaja i distribucija novih i kori\u0161\u0107enih IBC kontejnera, buradi i dodatne opreme - IBC cisterne - redukcije - slavine","robots":{"index":"index","follow":"follow","max-snippet":"max-snippet:-1","max-image-preview":"max-image-preview:large","max-video-preview":"max-video-preview:-1"},"canonical":"https:\/\/www.cisterne.co.rs\/index.php\/galerija\/","og_locale":"sr_RS","og_type":"article","og_title":"IBC kontejneri - Beokul doo","og_description":"Beokul doo - Uvoz, prodaja i distribucija novih i kori\u0161\u0107enih IBC kontejnera, buradi i dodatne opreme - IBC cisterne - redukcije - slavine","og_url":"https:\/\/www.cisterne.co.rs\/index.php\/galerija\/","og_site_name":"Beokul doo","article_publisher":"https:\/\/www.facebook.com\/doobeokul","article_modified_time":"2023-12-25T09:20:53+00:00","og_image":[{"url":"https:\/\/www.cisterne.co.rs\/wp-content\/uploads\/2021\/09\/2019-09-28-150x150.jpg","type":"","width":"","height":""}],"twitter_card":"summary_large_image","twitter_misc":{"Procenjeno vreme \u010ditanja":"1 minut"},"schema":{"@context":"https:\/\/schema.org","@graph":[{"@type":"WebPage","@id":"https:\/\/www.cisterne.co.rs\/index.php\/galerija\/","url":"https:\/\/www.cisterne.co.rs\/index.php\/galerija\/","name":"IBC kontejneri - Beokul doo","isPartOf":{"@id":"https:\/\/www.cisterne.co.rs\/#website"},"datePublished":"2021-09-01T13:10:15+00:00","dateModified":"2023-12-25T09:20:53+00:00","description":"Beokul doo - Uvoz, prodaja i distribucija novih i kori\u0161\u0107enih IBC kontejnera, buradi i dodatne opreme - IBC cisterne - redukcije - slavine","breadcrumb":{"@id":"https:\/\/www.cisterne.co.rs\/index.php\/galerija\/#breadcrumb"},"inLanguage":"sr-RS","potentialAction":[{"@type":"ReadAction","target":["https:\/\/www.cisterne.co.rs\/index.php\/galerija\/"]}]},{"@type":"BreadcrumbList","@id":"https:\/\/www.cisterne.co.rs\/index.php\/galerija\/#breadcrumb","itemListElement":[{"@type":"ListItem","position":1,"name":"Po\u010detna","item":"https:\/\/www.cisterne.co.rs\/"},{"@type":"ListItem","position":2,"name":"IBC kontejneri"}]},{"@type":"WebSite","@id":"https:\/\/www.cisterne.co.rs\/#website","url":"https:\/\/www.cisterne.co.rs\/","name":"Beokul doo","description":"Uvoz i prodaja novih i polovnih IBC kontejnera","publisher":{"@id":"https:\/\/www.cisterne.co.rs\/#organization"},"potentialAction":[{"@type":"SearchAction","target":{"@type":"EntryPoint","urlTemplate":"https:\/\/www.cisterne.co.rs\/?s={search_term_string}"},"query-input":{"@type":"PropertyValueSpecification","valueRequired":true,"valueName":"search_term_string"}}],"inLanguage":"sr-RS"},{"@type":"Organization","@id":"https:\/\/www.cisterne.co.rs\/#organization","name":"Beokul doo Kula","url":"https:\/\/www.cisterne.co.rs\/","logo":{"@type":"ImageObject","inLanguage":"sr-RS","@id":"https:\/\/www.cisterne.co.rs\/#\/schema\/logo\/image\/","url":"https:\/\/www.cisterne.co.rs\/wp-content\/uploads\/2021\/09\/cropped-Logo-beokul-1.png","contentUrl":"https:\/\/www.cisterne.co.rs\/wp-content\/uploads\/2021\/09\/cropped-Logo-beokul-1.png","width":535,"height":198,"caption":"Beokul doo Kula"},"image":{"@id":"https:\/\/www.cisterne.co.rs\/#\/schema\/logo\/image\/"},"sameAs":["https:\/\/www.facebook.com\/doobeokul","https:\/\/www.linkedin.com\/company\/beokul-d-o-o\/"]}]}},"_links":{"self":[{"href":"https:\/\/www.cisterne.co.rs\/index.php\/wp-json\/wp\/v2\/pages\/168","targetHints":{"allow":["GET"]}}],"collection":[{"href":"https:\/\/www.cisterne.co.rs\/index.php\/wp-json\/wp\/v2\/pages"}],"about":[{"href":"https:\/\/www.cisterne.co.rs\/index.php\/wp-json\/wp\/v2\/types\/page"}],"author":[{"embeddable":true,"href":"https:\/\/www.cisterne.co.rs\/index.php\/wp-json\/wp\/v2\/users\/1"}],"replies":[{"embeddable":true,"href":"https:\/\/www.cisterne.co.rs\/index.php\/wp-json\/wp\/v2\/comments?post=168"}],"version-history":[{"count":15,"href":"https:\/\/www.cisterne.co.rs\/index.php\/wp-json\/wp\/v2\/pages\/168\/revisions"}],"predecessor-version":[{"id":1724,"href":"https:\/\/www.cisterne.co.rs\/index.php\/wp-json\/wp\/v2\/pages\/168\/revisions\/1724"}],"wp:attachment":[{"href":"https:\/\/www.cisterne.co.rs\/index.php\/wp-json\/wp\/v2\/media?parent=168"}],"curies":[{"name":"wp","href":"https:\/\/api.w.org\/{rel}","templated":true}]}}