{"id":1290,"date":"2022-12-07T10:44:46","date_gmt":"2022-12-07T10:44:46","guid":{"rendered":"https:\/\/www.cisterne.co.rs\/?page_id=1290"},"modified":"2025-07-16T13:24:00","modified_gmt":"2025-07-16T13:24:00","slug":"dzambo-vrece","status":"publish","type":"page","link":"https:\/\/www.cisterne.co.rs\/index.php\/dzambo-vrece\/","title":{"rendered":"D\u017eambo vre\u0107e"},"content":{"rendered":"<p>U okviru na\u0161eg asortimana mo\u017eete prona\u0107i i D\u017eambo vre\u0107e &#8211; Big Bag, nosivosti 1000-1200kg. Koriste se za skladi\u0161tenje i transport rasutih tereta, pelet, ugalj, \u017eitarice, granulat , piljevinu, pesak, zemlju&#8230;<\/p>\n<p>Dimenzije vre\u0107a su 90cm x 90cm x 130cm, te\u017eina jedne prazne vre\u0107e je 2-2,5kg. Poseduju u\u0161i za vilju\u0161kar, kao i dva levka &#8211; gornji i donji ventil.<br \/>\nTako\u0111e u ponudi su i d\u017eambo vre\u0107e dimenzija 110x110x140cm, sa ravnim dnom, bez ventila, nove. Nosivost 1-1.2t, u\u0161i za vilju\u0161kar.<\/p>\n<p><em><strong>Cene :<\/strong><\/em><\/p>\n<p><a href=\"https:\/\/www.cisterne.co.rs\/index.php\/product\/12-dzambo-vrecesa-ravnim-dnom-nove-110cm-x-110cm-x-140cm\/\">Nove d\u017eambo vre\u0107e sa ravnim dnom, bez ventila 110x110x140cm &#8211; 550,00 din + pdv<\/a><br \/>\n<a href=\"https:\/\/www.cisterne.co.rs\/index.php\/product\/dzambo-vrece-sa-dva-levka-polovne\/\">Polovne klasa 1, dimenzije 90x90x130cm &#8211; 550,00 din + pdv<\/a><\/p>\n<p>&nbsp;<\/p>\n<div id='gallery-1' class='gallery galleryid-1290 gallery-columns-2 gallery-size-thumbnail'><figure class='gallery-item'>\n\t\t\t<div class='gallery-icon landscape'>\n\t\t\t\t<a href='https:\/\/www.cisterne.co.rs\/wp-content\/uploads\/2022\/12\/dzambo-vrece-1.jpg'><img loading=\"lazy\" decoding=\"async\" width=\"150\" height=\"150\" src=\"https:\/\/www.cisterne.co.rs\/wp-content\/uploads\/2022\/12\/dzambo-vrece-1-150x150.jpg\" class=\"attachment-thumbnail size-thumbnail\" alt=\"D\u017eambo vrece\" srcset=\"https:\/\/www.cisterne.co.rs\/wp-content\/uploads\/2022\/12\/dzambo-vrece-1-150x150.jpg 150w, https:\/\/www.cisterne.co.rs\/wp-content\/uploads\/2022\/12\/dzambo-vrece-1-300x300.jpg 300w, https:\/\/www.cisterne.co.rs\/wp-content\/uploads\/2022\/12\/dzambo-vrece-1-324x324.jpg 324w, https:\/\/www.cisterne.co.rs\/wp-content\/uploads\/2022\/12\/dzambo-vrece-1-416x416.jpg 416w, https:\/\/www.cisterne.co.rs\/wp-content\/uploads\/2022\/12\/dzambo-vrece-1-100x100.jpg 100w, https:\/\/www.cisterne.co.rs\/wp-content\/uploads\/2022\/12\/dzambo-vrece-1.jpg 500w\" sizes=\"auto, (max-width: 150px) 100vw, 150px\" \/><\/a>\n\t\t\t<\/div><\/figure><figure class='gallery-item'>\n\t\t\t<div class='gallery-icon landscape'>\n\t\t\t\t<a href='https:\/\/www.cisterne.co.rs\/wp-content\/uploads\/2022\/12\/dzambo-vrece-2.png'><img loading=\"lazy\" decoding=\"async\" width=\"150\" height=\"150\" src=\"https:\/\/www.cisterne.co.rs\/wp-content\/uploads\/2022\/12\/dzambo-vrece-2-150x150.png\" class=\"attachment-thumbnail size-thumbnail\" alt=\"D\u017eambo vrece\" srcset=\"https:\/\/www.cisterne.co.rs\/wp-content\/uploads\/2022\/12\/dzambo-vrece-2-150x150.png 150w, https:\/\/www.cisterne.co.rs\/wp-content\/uploads\/2022\/12\/dzambo-vrece-2-100x100.png 100w\" sizes=\"auto, (max-width: 150px) 100vw, 150px\" \/><\/a>\n\t\t\t<\/div><\/figure><figure class='gallery-item'>\n\t\t\t<div class='gallery-icon landscape'>\n\t\t\t\t<a href='https:\/\/www.cisterne.co.rs\/wp-content\/uploads\/2022\/12\/dzambo-vrece-3.jpg'><img loading=\"lazy\" decoding=\"async\" width=\"150\" height=\"150\" src=\"https:\/\/www.cisterne.co.rs\/wp-content\/uploads\/2022\/12\/dzambo-vrece-3-150x150.jpg\" class=\"attachment-thumbnail size-thumbnail\" alt=\"D\u017eambo vrece\" srcset=\"https:\/\/www.cisterne.co.rs\/wp-content\/uploads\/2022\/12\/dzambo-vrece-3-150x150.jpg 150w, https:\/\/www.cisterne.co.rs\/wp-content\/uploads\/2022\/12\/dzambo-vrece-3-100x100.jpg 100w\" sizes=\"auto, (max-width: 150px) 100vw, 150px\" \/><\/a>\n\t\t\t<\/div><\/figure><figure class='gallery-item'>\n\t\t\t<div class='gallery-icon landscape'>\n\t\t\t\t<a href='https:\/\/www.cisterne.co.rs\/wp-content\/uploads\/2022\/12\/dzambo-vrece.jpg'><img loading=\"lazy\" decoding=\"async\" width=\"150\" height=\"150\" src=\"https:\/\/www.cisterne.co.rs\/wp-content\/uploads\/2022\/12\/dzambo-vrece-150x150.jpg\" class=\"attachment-thumbnail size-thumbnail\" alt=\"D\u017eambo vrece\" srcset=\"https:\/\/www.cisterne.co.rs\/wp-content\/uploads\/2022\/12\/dzambo-vrece-150x150.jpg 150w, https:\/\/www.cisterne.co.rs\/wp-content\/uploads\/2022\/12\/dzambo-vrece-100x100.jpg 100w\" sizes=\"auto, (max-width: 150px) 100vw, 150px\" \/><\/a>\n\t\t\t<\/div><\/figure>\n\t\t<\/div>\n\n","protected":false},"excerpt":{"rendered":"<p>U okviru na\u0161eg asortimana mo\u017eete prona\u0107i i D\u017eambo vre\u0107e &#8211; Big Bag, nosivosti 1000-1200kg. Koriste se za skladi\u0161tenje i transport rasutih tereta, pelet, ugalj, \u017eitarice, granulat , piljevinu, pesak, zemlju&#8230; Dimenzije vre\u0107a su 90cm x 90cm x 130cm, te\u017eina jedne prazne vre\u0107e je 2-2,5kg. Poseduju u\u0161i za vilju\u0161kar, kao i dva levka &#8211; gornji i [&hellip;]<\/p>\n","protected":false},"author":1,"featured_media":0,"parent":0,"menu_order":0,"comment_status":"closed","ping_status":"closed","template":"","meta":{"spay_email":"","footnotes":""},"class_list":["post-1290","page","type-page","status-publish","hentry"],"yoast_head":"<!-- This site is optimized with the Yoast SEO plugin v27.6 - https:\/\/yoast.com\/product\/yoast-seo-wordpress\/ -->\n<title>D\u017eambo vre\u0107e - Beokul doo<\/title>\n<meta name=\"description\" content=\"Beokul doo - D\u017eambo vre\u0107e - nove i polovne vre\u0107e, nosivost 1-1,2t. Za sve informacije mo\u017eete nas kontaktirati 0601556575, doobeokul@gmail.com\" \/>\n<meta name=\"robots\" content=\"index, follow, max-snippet:-1, max-image-preview:large, max-video-preview:-1\" \/>\n<link rel=\"canonical\" href=\"https:\/\/www.cisterne.co.rs\/index.php\/dzambo-vrece\/\" \/>\n<meta property=\"og:locale\" content=\"sr_RS\" \/>\n<meta property=\"og:type\" content=\"article\" \/>\n<meta property=\"og:title\" content=\"D\u017eambo vre\u0107e - Beokul doo\" \/>\n<meta property=\"og:description\" content=\"Beokul doo - D\u017eambo vre\u0107e - nove i polovne vre\u0107e, nosivost 1-1,2t. Za sve informacije mo\u017eete nas kontaktirati 0601556575, doobeokul@gmail.com\" \/>\n<meta property=\"og:url\" content=\"https:\/\/www.cisterne.co.rs\/index.php\/dzambo-vrece\/\" \/>\n<meta property=\"og:site_name\" content=\"Beokul doo\" \/>\n<meta property=\"article:publisher\" content=\"https:\/\/www.facebook.com\/doobeokul\" \/>\n<meta property=\"article:modified_time\" content=\"2025-07-16T13:24:00+00:00\" \/>\n<meta property=\"og:image\" content=\"https:\/\/www.cisterne.co.rs\/wp-content\/uploads\/2022\/12\/dzambo-vrece-1-150x150.jpg\" \/>\n<meta name=\"twitter:card\" content=\"summary_large_image\" \/>\n<meta name=\"twitter:label1\" content=\"Procenjeno vreme \u010ditanja\" \/>\n\t<meta name=\"twitter:data1\" content=\"1 minut\" \/>\n<script type=\"application\/ld+json\" class=\"yoast-schema-graph\">{\"@context\":\"https:\\\/\\\/schema.org\",\"@graph\":[{\"@type\":\"WebPage\",\"@id\":\"https:\\\/\\\/www.cisterne.co.rs\\\/index.php\\\/dzambo-vrece\\\/\",\"url\":\"https:\\\/\\\/www.cisterne.co.rs\\\/index.php\\\/dzambo-vrece\\\/\",\"name\":\"D\u017eambo vre\u0107e - Beokul doo\",\"isPartOf\":{\"@id\":\"https:\\\/\\\/www.cisterne.co.rs\\\/#website\"},\"datePublished\":\"2022-12-07T10:44:46+00:00\",\"dateModified\":\"2025-07-16T13:24:00+00:00\",\"description\":\"Beokul doo - D\u017eambo vre\u0107e - nove i polovne vre\u0107e, nosivost 1-1,2t. Za sve informacije mo\u017eete nas kontaktirati 0601556575, doobeokul@gmail.com\",\"breadcrumb\":{\"@id\":\"https:\\\/\\\/www.cisterne.co.rs\\\/index.php\\\/dzambo-vrece\\\/#breadcrumb\"},\"inLanguage\":\"sr-RS\",\"potentialAction\":[{\"@type\":\"ReadAction\",\"target\":[\"https:\\\/\\\/www.cisterne.co.rs\\\/index.php\\\/dzambo-vrece\\\/\"]}]},{\"@type\":\"BreadcrumbList\",\"@id\":\"https:\\\/\\\/www.cisterne.co.rs\\\/index.php\\\/dzambo-vrece\\\/#breadcrumb\",\"itemListElement\":[{\"@type\":\"ListItem\",\"position\":1,\"name\":\"Po\u010detna\",\"item\":\"https:\\\/\\\/www.cisterne.co.rs\\\/\"},{\"@type\":\"ListItem\",\"position\":2,\"name\":\"D\u017eambo vre\u0107e\"}]},{\"@type\":\"WebSite\",\"@id\":\"https:\\\/\\\/www.cisterne.co.rs\\\/#website\",\"url\":\"https:\\\/\\\/www.cisterne.co.rs\\\/\",\"name\":\"Beokul doo\",\"description\":\"Uvoz i prodaja novih i polovnih IBC kontejnera\",\"publisher\":{\"@id\":\"https:\\\/\\\/www.cisterne.co.rs\\\/#organization\"},\"potentialAction\":[{\"@type\":\"SearchAction\",\"target\":{\"@type\":\"EntryPoint\",\"urlTemplate\":\"https:\\\/\\\/www.cisterne.co.rs\\\/?s={search_term_string}\"},\"query-input\":{\"@type\":\"PropertyValueSpecification\",\"valueRequired\":true,\"valueName\":\"search_term_string\"}}],\"inLanguage\":\"sr-RS\"},{\"@type\":\"Organization\",\"@id\":\"https:\\\/\\\/www.cisterne.co.rs\\\/#organization\",\"name\":\"Beokul doo Kula\",\"url\":\"https:\\\/\\\/www.cisterne.co.rs\\\/\",\"logo\":{\"@type\":\"ImageObject\",\"inLanguage\":\"sr-RS\",\"@id\":\"https:\\\/\\\/www.cisterne.co.rs\\\/#\\\/schema\\\/logo\\\/image\\\/\",\"url\":\"https:\\\/\\\/www.cisterne.co.rs\\\/wp-content\\\/uploads\\\/2021\\\/09\\\/cropped-Logo-beokul-1.png\",\"contentUrl\":\"https:\\\/\\\/www.cisterne.co.rs\\\/wp-content\\\/uploads\\\/2021\\\/09\\\/cropped-Logo-beokul-1.png\",\"width\":535,\"height\":198,\"caption\":\"Beokul doo Kula\"},\"image\":{\"@id\":\"https:\\\/\\\/www.cisterne.co.rs\\\/#\\\/schema\\\/logo\\\/image\\\/\"},\"sameAs\":[\"https:\\\/\\\/www.facebook.com\\\/doobeokul\",\"https:\\\/\\\/www.linkedin.com\\\/company\\\/beokul-d-o-o\\\/\"]}]}<\/script>\n<!-- \/ Yoast SEO plugin. -->","yoast_head_json":{"title":"D\u017eambo vre\u0107e - Beokul doo","description":"Beokul doo - D\u017eambo vre\u0107e - nove i polovne vre\u0107e, nosivost 1-1,2t. Za sve informacije mo\u017eete nas kontaktirati 0601556575, doobeokul@gmail.com","robots":{"index":"index","follow":"follow","max-snippet":"max-snippet:-1","max-image-preview":"max-image-preview:large","max-video-preview":"max-video-preview:-1"},"canonical":"https:\/\/www.cisterne.co.rs\/index.php\/dzambo-vrece\/","og_locale":"sr_RS","og_type":"article","og_title":"D\u017eambo vre\u0107e - Beokul doo","og_description":"Beokul doo - D\u017eambo vre\u0107e - nove i polovne vre\u0107e, nosivost 1-1,2t. Za sve informacije mo\u017eete nas kontaktirati 0601556575, doobeokul@gmail.com","og_url":"https:\/\/www.cisterne.co.rs\/index.php\/dzambo-vrece\/","og_site_name":"Beokul doo","article_publisher":"https:\/\/www.facebook.com\/doobeokul","article_modified_time":"2025-07-16T13:24:00+00:00","og_image":[{"url":"https:\/\/www.cisterne.co.rs\/wp-content\/uploads\/2022\/12\/dzambo-vrece-1-150x150.jpg","type":"","width":"","height":""}],"twitter_card":"summary_large_image","twitter_misc":{"Procenjeno vreme \u010ditanja":"1 minut"},"schema":{"@context":"https:\/\/schema.org","@graph":[{"@type":"WebPage","@id":"https:\/\/www.cisterne.co.rs\/index.php\/dzambo-vrece\/","url":"https:\/\/www.cisterne.co.rs\/index.php\/dzambo-vrece\/","name":"D\u017eambo vre\u0107e - Beokul doo","isPartOf":{"@id":"https:\/\/www.cisterne.co.rs\/#website"},"datePublished":"2022-12-07T10:44:46+00:00","dateModified":"2025-07-16T13:24:00+00:00","description":"Beokul doo - D\u017eambo vre\u0107e - nove i polovne vre\u0107e, nosivost 1-1,2t. Za sve informacije mo\u017eete nas kontaktirati 0601556575, doobeokul@gmail.com","breadcrumb":{"@id":"https:\/\/www.cisterne.co.rs\/index.php\/dzambo-vrece\/#breadcrumb"},"inLanguage":"sr-RS","potentialAction":[{"@type":"ReadAction","target":["https:\/\/www.cisterne.co.rs\/index.php\/dzambo-vrece\/"]}]},{"@type":"BreadcrumbList","@id":"https:\/\/www.cisterne.co.rs\/index.php\/dzambo-vrece\/#breadcrumb","itemListElement":[{"@type":"ListItem","position":1,"name":"Po\u010detna","item":"https:\/\/www.cisterne.co.rs\/"},{"@type":"ListItem","position":2,"name":"D\u017eambo vre\u0107e"}]},{"@type":"WebSite","@id":"https:\/\/www.cisterne.co.rs\/#website","url":"https:\/\/www.cisterne.co.rs\/","name":"Beokul doo","description":"Uvoz i prodaja novih i polovnih IBC kontejnera","publisher":{"@id":"https:\/\/www.cisterne.co.rs\/#organization"},"potentialAction":[{"@type":"SearchAction","target":{"@type":"EntryPoint","urlTemplate":"https:\/\/www.cisterne.co.rs\/?s={search_term_string}"},"query-input":{"@type":"PropertyValueSpecification","valueRequired":true,"valueName":"search_term_string"}}],"inLanguage":"sr-RS"},{"@type":"Organization","@id":"https:\/\/www.cisterne.co.rs\/#organization","name":"Beokul doo Kula","url":"https:\/\/www.cisterne.co.rs\/","logo":{"@type":"ImageObject","inLanguage":"sr-RS","@id":"https:\/\/www.cisterne.co.rs\/#\/schema\/logo\/image\/","url":"https:\/\/www.cisterne.co.rs\/wp-content\/uploads\/2021\/09\/cropped-Logo-beokul-1.png","contentUrl":"https:\/\/www.cisterne.co.rs\/wp-content\/uploads\/2021\/09\/cropped-Logo-beokul-1.png","width":535,"height":198,"caption":"Beokul doo Kula"},"image":{"@id":"https:\/\/www.cisterne.co.rs\/#\/schema\/logo\/image\/"},"sameAs":["https:\/\/www.facebook.com\/doobeokul","https:\/\/www.linkedin.com\/company\/beokul-d-o-o\/"]}]}},"_links":{"self":[{"href":"https:\/\/www.cisterne.co.rs\/index.php\/wp-json\/wp\/v2\/pages\/1290","targetHints":{"allow":["GET"]}}],"collection":[{"href":"https:\/\/www.cisterne.co.rs\/index.php\/wp-json\/wp\/v2\/pages"}],"about":[{"href":"https:\/\/www.cisterne.co.rs\/index.php\/wp-json\/wp\/v2\/types\/page"}],"author":[{"embeddable":true,"href":"https:\/\/www.cisterne.co.rs\/index.php\/wp-json\/wp\/v2\/users\/1"}],"replies":[{"embeddable":true,"href":"https:\/\/www.cisterne.co.rs\/index.php\/wp-json\/wp\/v2\/comments?post=1290"}],"version-history":[{"count":14,"href":"https:\/\/www.cisterne.co.rs\/index.php\/wp-json\/wp\/v2\/pages\/1290\/revisions"}],"predecessor-version":[{"id":2489,"href":"https:\/\/www.cisterne.co.rs\/index.php\/wp-json\/wp\/v2\/pages\/1290\/revisions\/2489"}],"wp:attachment":[{"href":"https:\/\/www.cisterne.co.rs\/index.php\/wp-json\/wp\/v2\/media?parent=1290"}],"curies":[{"name":"wp","href":"https:\/\/api.w.org\/{rel}","templated":true}]}}